{"id":455,"date":"2023-07-16T09:22:21","date_gmt":"2023-07-16T09:22:21","guid":{"rendered":"https:\/\/qoxqo.net\/?page_id=455"},"modified":"2023-07-16T12:48:28","modified_gmt":"2023-07-16T12:48:28","slug":"traditioner-og-helligdage","status":"publish","type":"page","link":"https:\/\/qoxqo.net\/index.php\/traditioner-og-helligdage\/","title":{"rendered":"Traditioner og helligdage"},"content":{"rendered":"\n<div class=\"wp-block-uagb-container uagb-block-7d455f58 alignfull uagb-is-root-container\"><div class=\"uagb-container-inner-blocks-wrap\">\n<div class=\"wp-block-uagb-container uagb-block-de3f8a42\">\n<div class=\"wp-block-uagb-image uagb-block-e93b0bfb wp-block-uagb-image--layout-default wp-block-uagb-image--effect-static wp-block-uagb-image--align-none\"><figure class=\"wp-block-uagb-image__figure\"><img decoding=\"async\" srcset=\"https:\/\/qoxqo.net\/wp-content\/uploads\/2023\/07\/inti-raymi-1024x768.jpg \" sizes=\"(max-width: 480px) 150px\" src=\"https:\/\/qoxqo.net\/wp-content\/uploads\/2023\/07\/inti-raymi-1024x768.jpg\" alt=\"Inti Raymi\" class=\"uag-image-531\" width=\"1024\" height=\"768\" title=\"\" loading=\"lazy\"\/><\/figure><\/div>\n<\/div>\n\n\n\n<div class=\"wp-block-uagb-container uagb-block-11a05b8d\">\n<div class=\"wp-block-uagb-image uagb-block-62463c37 wp-block-uagb-image--layout-default wp-block-uagb-image--effect-static wp-block-uagb-image--align-none\"><figure class=\"wp-block-uagb-image__figure\"><img decoding=\"async\" srcset=\"https:\/\/qoxqo.net\/wp-content\/uploads\/2023\/07\/easter-eggs-poland.jpg \" sizes=\"(max-width: 480px) 150px\" src=\"https:\/\/qoxqo.net\/wp-content\/uploads\/2023\/07\/easter-eggs-poland.jpg\" alt=\"Easter eggs, Poland\" class=\"uag-image-532\" width=\"1024\" height=\"683\" title=\"\" loading=\"lazy\"\/><\/figure><\/div>\n<\/div>\n\n\n\n<div class=\"wp-block-uagb-container uagb-block-87616ba1\">\n<div class=\"wp-block-uagb-image uagb-block-8c57e922 wp-block-uagb-image--layout-default wp-block-uagb-image--effect-static wp-block-uagb-image--align-none\"><figure class=\"wp-block-uagb-image__figure\"><img decoding=\"async\" srcset=\"https:\/\/qoxqo.net\/wp-content\/uploads\/2023\/07\/cupcakes-candles-candlelight-380178-1024x681.jpg \" sizes=\"(max-width: 480px) 150px\" src=\"https:\/\/qoxqo.net\/wp-content\/uploads\/2023\/07\/cupcakes-candles-candlelight-380178-1024x681.jpg\" alt=\"cupcakes candles candlelight 380178\" class=\"uag-image-533\" width=\"1024\" height=\"681\" title=\"\" loading=\"lazy\"\/><\/figure><\/div>\n<\/div>\n\n\n\n<div class=\"wp-block-uagb-container uagb-block-6153bf99\">\n<div class=\"wp-block-uagb-image uagb-block-a2352ed9 wp-block-uagb-image--layout-default wp-block-uagb-image--effect-static wp-block-uagb-image--align-none\"><figure class=\"wp-block-uagb-image__figure\"><img decoding=\"async\" srcset=\"https:\/\/qoxqo.net\/wp-content\/uploads\/2023\/07\/dia-de-los-muertos-festival-los-angeles-11-01-10.jpg \" sizes=\"(max-width: 480px) 150px\" src=\"https:\/\/qoxqo.net\/wp-content\/uploads\/2023\/07\/dia-de-los-muertos-festival-los-angeles-11-01-10.jpg\" alt=\"Dia De Los Muertos Festival, Los Angeles, 11.01.10\" class=\"uag-image-534\" width=\"1000\" height=\"667\" title=\"\" loading=\"lazy\"\/><\/figure><\/div>\n<\/div>\n\n\n\n<div class=\"wp-block-uagb-container uagb-block-8a508866\">\n<div class=\"wp-block-uagb-image uagb-block-2ceb879e wp-block-uagb-image--layout-default wp-block-uagb-image--effect-static wp-block-uagb-image--align-none\"><figure class=\"wp-block-uagb-image__figure\"><img decoding=\"async\" srcset=\"https:\/\/qoxqo.net\/wp-content\/uploads\/2023\/07\/mask-carnival-confetti-streamer-1155808-1024x682.jpg \" sizes=\"(max-width: 480px) 150px\" src=\"https:\/\/qoxqo.net\/wp-content\/uploads\/2023\/07\/mask-carnival-confetti-streamer-1155808-1024x682.jpg\" alt=\"mask carnival confetti streamer 1155808\" class=\"uag-image-535\" width=\"1024\" height=\"682\" title=\"\" loading=\"lazy\"\/><\/figure><\/div>\n<\/div>\n\n\n\n<div class=\"wp-block-uagb-container uagb-block-f253e6ab\">\n<div class=\"wp-block-uagb-image uagb-block-79b27016 wp-block-uagb-image--layout-default wp-block-uagb-image--effect-static wp-block-uagb-image--align-none\"><figure class=\"wp-block-uagb-image__figure\"><img decoding=\"async\" srcset=\"https:\/\/qoxqo.net\/wp-content\/uploads\/2023\/07\/christmas-ornament.jpg \" sizes=\"(max-width: 480px) 150px\" src=\"https:\/\/qoxqo.net\/wp-content\/uploads\/2023\/07\/christmas-ornament.jpg\" alt=\"Christmas Ornament\" class=\"uag-image-536\" width=\"1023\" height=\"682\" title=\"\" loading=\"lazy\"\/><\/figure><\/div>\n<\/div>\n<\/div><\/div>\n\n\n\n<p>Velkommen til mit blogindl\u00e6g, hvor jeg vil dykke ned i en fascinerende verden af helligdage og traditioner. Hver kultur har sine egne unikke m\u00e5der at fejre og \u00e6re begivenheder p\u00e5, og i dette indl\u00e6g vil jeg udforske seks s\u00e6rligt interessante og farverige begivenheder: Inti Raymi, P\u00e5ske, F\u00f8dselsdage, De D\u00f8des Dag, Fastelavn og Jul.<\/p>\n\n\n\n<p>Vi begynder vores rejse i det gamle Inkarige med Inti Raymi, en af \u200b\u200bde vigtigste helligdage for de oprindelige folk i Peru. Vi vil udforske betydningen af \u200b\u200bdenne ceremonielle solfestival, der fejres til \u00e6re for solguden Inti. Fra rekonstruktionen af \u200b\u200bgamle ceremonier til de farverige optog og traditionelle bekl\u00e6dningsgenstande vil vi afd\u00e6kke de fascinerende aspekter af Inti Raymi.<\/p>\n\n\n\n<p>Dern\u00e6st bev\u00e6ger vi os til den kristne h\u00f8jtid, P\u00e5ske, der fejres over hele verden. Vi vil unders\u00f8ge historien bag denne vigtige religi\u00f8se begivenhed og udforske de forskellige traditioner, der er forbundet med den, herunder palmes\u00f8ndag, sk\u00e6rtorsdag, langfredag og p\u00e5ske\u00e6g. Fra religi\u00f8se ceremonier til farverige optog og traditionelle p\u00e5skef\u00f8devarer vil vi opdage, hvordan forskellige kulturer fejrer P\u00e5ske.<\/p>\n\n\n\n<p>Derefter tager vi et skridt v\u00e6k fra religi\u00f8se helligdage og dykker ned i noget mere personligt: f\u00f8dselsdage. Vi vil udforske, hvordan f\u00f8dselsdage fejres i forskellige dele af verden, herunder traditionelle ritualer, specielle gaver, festlige lege og f\u00f8dselsdagskager. Vi vil ogs\u00e5 unders\u00f8ge, hvordan kulturelle forskelle kan p\u00e5virke, hvordan f\u00f8dselsdage fejres og betragtes.<\/p>\n\n\n\n<p>Videre forts\u00e6tter vi med en dybt rodf\u00e6stet tradition, nemlig De D\u00f8des Dag og den mere moderne &#8220;Halloween&#8221;. Vi vil unders\u00f8ge, hvordan forskellige kulturer \u00e6rer og mindes deres afd\u00f8de forf\u00e6dre. Fra D\u00eda de los Muertos i Mexico til Obon-festivalen i Japan vil vi udforske de unikke ritualer, dekorationer og festligheder, der finder sted p\u00e5 denne dag.<\/p>\n\n\n\n<p>Nu bev\u00e6ger vi os ind i en mere festlig og livlig atmosf\u00e6re med Fastelavn. Vi vil opdage, hvordan denne festlighed fejres i forskellige lande og kulturer rundt omkring i verden. Fra karnevalsoptog til udkl\u00e6dning, sl\u00e5-katten-af-t\u00f8nden og traditionelle festlige godbidder vil vi udforske det festlige og farverige univers af Fastelavn.<\/p>\n\n\n\n<p>Endelig n\u00e6rmer vi os den mest elskede h\u00f8jtid p\u00e5 \u00e5ret: julen. Vi vil unders\u00f8ge forskellige juletraditioner og -ritualer, herunder juletr\u00e6er, julemanden, juleaften og udveksling af gaver. Fra nord til syd og \u00f8st til vest vil vi udforske, hvordan julen fejres i forskellige dele af verden og opleve den unikke julestemning, der pr\u00e6ger denne s\u00e6rlige tid.<\/p>\n\n\n\n<p>Med vores rejse gennem disse seks forskellige helligdage og traditioner har vi f\u00e5et et indblik i den rigdom og mangfoldighed, der findes i verden. Uanset om det er ceremonielle, religi\u00f8se, personlige eller festlige begivenheder, er helligdage og traditioner vigtige aspekter af vores kulturer og vores m\u00e5de at fejre og forbinde os med hinanden. Ved at udforske disse begivenheder har vi en chance for at l\u00e6re og v\u00e6rds\u00e6tte vores forskelle og ligheder. Vi h\u00e5ber, at du har nydt denne rejse gennem helligdage og traditioner og er blevet inspireret til at opdage endnu flere unikke begivenheder rundt om i verden.<\/p>\n","protected":false},"excerpt":{"rendered":"<p>Velkommen til mit blogindl\u00e6g, hvor jeg vil dykke ned i en fascinerende verden af helligdage og traditioner. Hver kultur har sine egne unikke m\u00e5der at fejre og \u00e6re begivenheder p\u00e5, og i dette indl\u00e6g vil jeg udforske seks s\u00e6rligt interessante og farverige begivenheder: Inti Raymi, P\u00e5ske, F\u00f8dselsdage, De D\u00f8des Dag, Fastelavn og Jul. Vi begynder &hellip; <\/p>\n","protected":false},"author":3,"featured_media":0,"parent":0,"menu_order":0,"comment_status":"closed","ping_status":"closed","template":"","meta":{"om_disable_all_campaigns":false,"_uag_custom_page_level_css":"","_monsterinsights_skip_tracking":false,"_monsterinsights_sitenote_active":false,"_monsterinsights_sitenote_note":"","_monsterinsights_sitenote_category":0},"aioseo_notices":[],"uagb_featured_image_src":{"full":false,"thumbnail":false,"medium":false,"medium_large":false,"large":false,"post-slider-thumb-size":false,"post-category-slider-size":false,"1536x1536":false,"2048x2048":false,"blossom-recipe-schema":false,"blossom-recipe-slider":false,"blossom-recipe-blog":false,"blossom-recipe-blog-one":false,"mailpoet_newsletter_max":false,"woocommerce_thumbnail":false,"woocommerce_single":false,"woocommerce_gallery_thumbnail":false},"uagb_author_info":{"display_name":"Mette Brockmann","author_link":"https:\/\/qoxqo.net\/index.php\/author\/mette-admin\/"},"uagb_comment_info":0,"uagb_excerpt":"Velkommen til mit blogindl\u00e6g, hvor jeg vil dykke ned i en fascinerende verden af helligdage og traditioner. Hver kultur har sine egne unikke m\u00e5der at fejre og \u00e6re begivenheder p\u00e5, og i dette indl\u00e6g vil jeg udforske seks s\u00e6rligt interessante og farverige begivenheder: Inti Raymi, P\u00e5ske, F\u00f8dselsdage, De D\u00f8des Dag, Fastelavn og Jul. Vi begynder&hellip;","_links":{"self":[{"href":"https:\/\/qoxqo.net\/index.php\/wp-json\/wp\/v2\/pages\/455"}],"collection":[{"href":"https:\/\/qoxqo.net\/index.php\/wp-json\/wp\/v2\/pages"}],"about":[{"href":"https:\/\/qoxqo.net\/index.php\/wp-json\/wp\/v2\/types\/page"}],"author":[{"embeddable":true,"href":"https:\/\/qoxqo.net\/index.php\/wp-json\/wp\/v2\/users\/3"}],"replies":[{"embeddable":true,"href":"https:\/\/qoxqo.net\/index.php\/wp-json\/wp\/v2\/comments?post=455"}],"version-history":[{"count":3,"href":"https:\/\/qoxqo.net\/index.php\/wp-json\/wp\/v2\/pages\/455\/revisions"}],"predecessor-version":[{"id":539,"href":"https:\/\/qoxqo.net\/index.php\/wp-json\/wp\/v2\/pages\/455\/revisions\/539"}],"wp:attachment":[{"href":"https:\/\/qoxqo.net\/index.php\/wp-json\/wp\/v2\/media?parent=455"}],"curies":[{"name":"wp","href":"https:\/\/api.w.org\/{rel}","templated":true}]}}