{"id":391,"date":"2023-07-15T23:54:36","date_gmt":"2023-07-15T23:54:36","guid":{"rendered":"https:\/\/qoxqo.net\/?page_id=391"},"modified":"2023-07-16T16:15:32","modified_gmt":"2023-07-16T16:15:32","slug":"foedselsdage","status":"publish","type":"page","link":"https:\/\/qoxqo.net\/index.php\/foedselsdage\/","title":{"rendered":"F\u00f8dselsdage"},"content":{"rendered":"\n<div class=\"wp-block-uagb-container uagb-block-8b8f76fb alignfull uagb-is-root-container\"><div class=\"uagb-container-inner-blocks-wrap\">\n<div class=\"wp-block-uagb-image uagb-block-8686570b wp-block-uagb-image--layout-default wp-block-uagb-image--effect-static wp-block-uagb-image--align-none\"><figure class=\"wp-block-uagb-image__figure\"><img decoding=\"async\" srcset=\"https:\/\/qoxqo.net\/wp-content\/uploads\/2023\/07\/cupcakes-candles-candlelight-380178-1-1024x681.jpg \" sizes=\"(max-width: 480px) 150px\" src=\"https:\/\/qoxqo.net\/wp-content\/uploads\/2023\/07\/cupcakes-candles-candlelight-380178-1-1024x681.jpg\" alt=\"cupcakes candles candlelight 380178\" class=\"uag-image-574\" width=\"1024\" height=\"681\" title=\"\" loading=\"lazy\"\/><\/figure><\/div>\n<\/div><\/div>\n\n\n\n<p>Velkommen til min blog, hvor jeg er glad for at byde dig velkommen til en verden af tips, opskrifter og lege til f\u00f8dselsdage! Jeg er her for at inspirere og hj\u00e6lpe dig med at g\u00f8re hver f\u00f8dselsdag uforglemmelig og fyldt med sjov.<\/p>\n\n\n\n<p>P\u00e5 min blog finder du et v\u00e6ld af sp\u00e6ndende indhold, der d\u00e6kker alt fra kreative ideer til festdekorationer til l\u00e6kre opskrifter p\u00e5 festlige retter og s\u00f8de sager. Jeg deler ogs\u00e5 tips til planl\u00e6gning af f\u00f8dselsdagsfester, herunder hvordan man v\u00e6lger temaer, organiserer aktiviteter og skaber den perfekte feststemning.<\/p>\n\n\n\n<p>Hvis du mangler inspiration til underholdning til f\u00f8dselsdagen, er du kommet til det rette sted! Jeg vil pr\u00e6sentere dig for en bred vifte af lege, konkurrencer og aktiviteter, der vil f\u00e5 alle til at grine, uanset alder. Uanset om du planl\u00e6gger en b\u00f8rnef\u00f8dselsdag eller en fest for voksne, vil mine id\u00e9er og tips hj\u00e6lpe dig med at skabe et fantastisk arrangement.<\/p>\n\n\n\n<p>Jeg opdaterer min blog regelm\u00e6ssigt med nyt indhold, s\u00e5 husk at vende tilbage ofte for at f\u00e5 friske ideer til dine kommende f\u00f8dselsdage. Vi vil ogs\u00e5 gerne h\u00f8re fra dig! Har du nogle fantastiske opskrifter, lege, id\u00e9er eller festplanl\u00e6gningstips, er du mere end velkommen til at dele dem med mig og mine l\u00e6sere.<\/p>\n\n\n\n<p>S\u00e5 tag et kig rundt, lad dig inspirere og forbered dig p\u00e5 at skabe uforglemmelige f\u00f8dselsdage sammen med mig. Jeg er glad for at have dig her, og vi h\u00e5ber, at vores blog vil v\u00e6re din go-to kilde til f\u00f8dselsdagsmagi!<\/p>\n","protected":false},"excerpt":{"rendered":"<p>Velkommen til min blog, hvor jeg er glad for at byde dig velkommen til en verden af tips, opskrifter og lege til f\u00f8dselsdage! Jeg er her for at inspirere og hj\u00e6lpe dig med at g\u00f8re hver f\u00f8dselsdag uforglemmelig og fyldt med sjov. P\u00e5 min blog finder du et v\u00e6ld af sp\u00e6ndende indhold, der d\u00e6kker alt &hellip; <\/p>\n","protected":false},"author":3,"featured_media":0,"parent":0,"menu_order":0,"comment_status":"closed","ping_status":"closed","template":"","meta":{"om_disable_all_campaigns":false,"_uag_custom_page_level_css":"","_monsterinsights_skip_tracking":false,"_monsterinsights_sitenote_active":false,"_monsterinsights_sitenote_note":"","_monsterinsights_sitenote_category":0},"aioseo_notices":[],"uagb_featured_image_src":{"full":false,"thumbnail":false,"medium":false,"medium_large":false,"large":false,"post-slider-thumb-size":false,"post-category-slider-size":false,"1536x1536":false,"2048x2048":false,"blossom-recipe-schema":false,"blossom-recipe-slider":false,"blossom-recipe-blog":false,"blossom-recipe-blog-one":false,"mailpoet_newsletter_max":false,"woocommerce_thumbnail":false,"woocommerce_single":false,"woocommerce_gallery_thumbnail":false},"uagb_author_info":{"display_name":"Mette Brockmann","author_link":"https:\/\/qoxqo.net\/index.php\/author\/mette-admin\/"},"uagb_comment_info":0,"uagb_excerpt":"Velkommen til min blog, hvor jeg er glad for at byde dig velkommen til en verden af tips, opskrifter og lege til f\u00f8dselsdage! Jeg er her for at inspirere og hj\u00e6lpe dig med at g\u00f8re hver f\u00f8dselsdag uforglemmelig og fyldt med sjov. P\u00e5 min blog finder du et v\u00e6ld af sp\u00e6ndende indhold, der d\u00e6kker alt&hellip;","_links":{"self":[{"href":"https:\/\/qoxqo.net\/index.php\/wp-json\/wp\/v2\/pages\/391"}],"collection":[{"href":"https:\/\/qoxqo.net\/index.php\/wp-json\/wp\/v2\/pages"}],"about":[{"href":"https:\/\/qoxqo.net\/index.php\/wp-json\/wp\/v2\/types\/page"}],"author":[{"embeddable":true,"href":"https:\/\/qoxqo.net\/index.php\/wp-json\/wp\/v2\/users\/3"}],"replies":[{"embeddable":true,"href":"https:\/\/qoxqo.net\/index.php\/wp-json\/wp\/v2\/comments?post=391"}],"version-history":[{"count":2,"href":"https:\/\/qoxqo.net\/index.php\/wp-json\/wp\/v2\/pages\/391\/revisions"}],"predecessor-version":[{"id":576,"href":"https:\/\/qoxqo.net\/index.php\/wp-json\/wp\/v2\/pages\/391\/revisions\/576"}],"wp:attachment":[{"href":"https:\/\/qoxqo.net\/index.php\/wp-json\/wp\/v2\/media?parent=391"}],"curies":[{"name":"wp","href":"https:\/\/api.w.org\/{rel}","templated":true}]}}