{"id":389,"date":"2023-07-15T23:54:36","date_gmt":"2023-07-15T23:54:36","guid":{"rendered":"https:\/\/qoxqo.net\/?page_id=389"},"modified":"2023-07-16T11:59:46","modified_gmt":"2023-07-16T11:59:46","slug":"paaske","status":"publish","type":"page","link":"https:\/\/qoxqo.net\/index.php\/paaske\/","title":{"rendered":"P\u00e5ske"},"content":{"rendered":"\n<div class=\"wp-block-uagb-image uagb-block-e9f166d7 wp-block-uagb-image--layout-default wp-block-uagb-image--effect-static wp-block-uagb-image--align-none\"><figure class=\"wp-block-uagb-image__figure\"><img decoding=\"async\" srcset=\"https:\/\/qoxqo.net\/wp-content\/uploads\/2023\/07\/easter-eggs-easter-nest-2145667-1024x648.jpg \" sizes=\"(max-width: 480px) 150px\" src=\"https:\/\/qoxqo.net\/wp-content\/uploads\/2023\/07\/easter-eggs-easter-nest-2145667-1024x648.jpg\" alt=\"easter eggs easter nest 2145667\" class=\"uag-image-517\" width=\"1024\" height=\"648\" title=\"\" loading=\"lazy\"\/><\/figure><\/div>\n\n\n\n<p>Velkommen til vores p\u00e5skeblog, hvor vi fejrer den sk\u00f8nne tid med farvestr\u00e5lende \u00e6g, s\u00f8de kaniner og masser af gl\u00e6de! P\u00e5sken er en fantastisk anledning til at samle familie og venner til hyggelige aktiviteter og l\u00e6kker madlavning. I dette indl\u00e6g vil vi dele sp\u00e6ndende opskrifter, give dig inspiration til dekoration og lege samt komme med tips til en uforglemmelig p\u00e5skefest.<\/p>\n","protected":false},"excerpt":{"rendered":"<p>Velkommen til vores p\u00e5skeblog, hvor vi fejrer den sk\u00f8nne tid med farvestr\u00e5lende \u00e6g, s\u00f8de kaniner og masser af gl\u00e6de! P\u00e5sken er en fantastisk anledning til at samle familie og venner til hyggelige aktiviteter og l\u00e6kker madlavning. I dette indl\u00e6g vil vi dele sp\u00e6ndende opskrifter, give dig inspiration til dekoration og lege samt komme med tips &hellip; <\/p>\n","protected":false},"author":3,"featured_media":0,"parent":0,"menu_order":0,"comment_status":"closed","ping_status":"closed","template":"","meta":{"om_disable_all_campaigns":false,"_uag_custom_page_level_css":"","_monsterinsights_skip_tracking":false,"_monsterinsights_sitenote_active":false,"_monsterinsights_sitenote_note":"","_monsterinsights_sitenote_category":0},"aioseo_notices":[],"uagb_featured_image_src":{"full":false,"thumbnail":false,"medium":false,"medium_large":false,"large":false,"post-slider-thumb-size":false,"post-category-slider-size":false,"1536x1536":false,"2048x2048":false,"blossom-recipe-schema":false,"blossom-recipe-slider":false,"blossom-recipe-blog":false,"blossom-recipe-blog-one":false,"mailpoet_newsletter_max":false,"woocommerce_thumbnail":false,"woocommerce_single":false,"woocommerce_gallery_thumbnail":false},"uagb_author_info":{"display_name":"Mette Brockmann","author_link":"https:\/\/qoxqo.net\/index.php\/author\/mette-admin\/"},"uagb_comment_info":0,"uagb_excerpt":"Velkommen til vores p\u00e5skeblog, hvor vi fejrer den sk\u00f8nne tid med farvestr\u00e5lende \u00e6g, s\u00f8de kaniner og masser af gl\u00e6de! P\u00e5sken er en fantastisk anledning til at samle familie og venner til hyggelige aktiviteter og l\u00e6kker madlavning. I dette indl\u00e6g vil vi dele sp\u00e6ndende opskrifter, give dig inspiration til dekoration og lege samt komme med tips&hellip;","_links":{"self":[{"href":"https:\/\/qoxqo.net\/index.php\/wp-json\/wp\/v2\/pages\/389"}],"collection":[{"href":"https:\/\/qoxqo.net\/index.php\/wp-json\/wp\/v2\/pages"}],"about":[{"href":"https:\/\/qoxqo.net\/index.php\/wp-json\/wp\/v2\/types\/page"}],"author":[{"embeddable":true,"href":"https:\/\/qoxqo.net\/index.php\/wp-json\/wp\/v2\/users\/3"}],"replies":[{"embeddable":true,"href":"https:\/\/qoxqo.net\/index.php\/wp-json\/wp\/v2\/comments?post=389"}],"version-history":[{"count":4,"href":"https:\/\/qoxqo.net\/index.php\/wp-json\/wp\/v2\/pages\/389\/revisions"}],"predecessor-version":[{"id":521,"href":"https:\/\/qoxqo.net\/index.php\/wp-json\/wp\/v2\/pages\/389\/revisions\/521"}],"wp:attachment":[{"href":"https:\/\/qoxqo.net\/index.php\/wp-json\/wp\/v2\/media?parent=389"}],"curies":[{"name":"wp","href":"https:\/\/api.w.org\/{rel}","templated":true}]}}