{"id":388,"date":"2023-07-15T23:54:36","date_gmt":"2023-07-15T23:54:36","guid":{"rendered":"https:\/\/qoxqo.net\/?page_id=388"},"modified":"2023-07-16T15:56:19","modified_gmt":"2023-07-16T15:56:19","slug":"fastelavn-karneval","status":"publish","type":"page","link":"https:\/\/qoxqo.net\/index.php\/fastelavn-karneval\/","title":{"rendered":"Fastelavn\/Karneval"},"content":{"rendered":"\n<div class=\"wp-block-uagb-container uagb-block-293551d3 alignfull uagb-is-root-container\"><div class=\"uagb-container-inner-blocks-wrap\">\n<div class=\"wp-block-uagb-container uagb-block-437c88a1\">\n<div class=\"wp-block-uagb-container uagb-block-609f630b\">\n<div class=\"wp-block-uagb-image uagb-block-4904e832 wp-block-uagb-image--layout-default wp-block-uagb-image--effect-static wp-block-uagb-image--align-none\"><figure class=\"wp-block-uagb-image__figure\"><img decoding=\"async\" srcset=\"https:\/\/qoxqo.net\/wp-content\/uploads\/2023\/07\/carnival-surakarta-indonesia-batik-8028612-1024x681.jpg \" sizes=\"(max-width: 480px) 150px\" src=\"https:\/\/qoxqo.net\/wp-content\/uploads\/2023\/07\/carnival-surakarta-indonesia-batik-8028612-1024x681.jpg\" alt=\"carnival surakarta indonesia batik 8028612\" class=\"uag-image-568\" width=\"1024\" height=\"681\" title=\"\" loading=\"lazy\"\/><\/figure><\/div>\n<\/div>\n<\/div>\n\n\n\n<div class=\"wp-block-uagb-container uagb-block-f1383112\">\n<div class=\"wp-block-uagb-container uagb-block-ec13b327\">\n<div class=\"wp-block-uagb-image uagb-block-b1374cc1 wp-block-uagb-image--layout-default wp-block-uagb-image--effect-static wp-block-uagb-image--align-none\"><figure class=\"wp-block-uagb-image__figure\"><img decoding=\"async\" srcset=\"https:\/\/qoxqo.net\/wp-content\/uploads\/2023\/07\/carnival-mask-masquerade-3075912-1024x682.jpg \" sizes=\"(max-width: 480px) 150px\" src=\"https:\/\/qoxqo.net\/wp-content\/uploads\/2023\/07\/carnival-mask-masquerade-3075912-1024x682.jpg\" alt=\"carnival mask masquerade 3075912\" class=\"uag-image-569\" width=\"1024\" height=\"682\" title=\"\" loading=\"lazy\"\/><\/figure><\/div>\n<\/div>\n<\/div>\n<\/div><\/div>\n\n\n\n<p>Velkommen til min blog, hvor vi i dag dykker ned i den farverige og festlige verden af Fastelavn og Karneval! Disse traditionsrige begivenheder er elsket af mennesker over hele verden og giver os mulighed for at slippe vores indre barn l\u00f8s, if\u00f8re os fantastiske kostumer og fejre med masser af sjov og ballade.<\/p>\n\n\n\n<p>Fastelavn og Karneval er begge \u00e5rlige festligheder, der finder sted inden for den kristne tradition og har dybe historiske r\u00f8dder. Selvom de kan have nogle ligheder, har de ogs\u00e5 deres unikke kendetegn og er fejret p\u00e5 forskellige m\u00e5der i forskellige kulturer.<\/p>\n\n\n\n<p>Fastelavn er mest kendt i Nordeuropa, is\u00e6r i Danmark, Sverige og Norge. Det er en fest, der markerer overgangen fra vinter til for\u00e5r og blev oprindeligt betragtet som en tid til at jage vinterens onde \u00e5nder v\u00e6k. I dag fejrer vi Fastelavn med en r\u00e6kke traditioner, herunder at sl\u00e5 katten af t\u00f8nden, hvor b\u00f8rn if\u00f8rer sig udkl\u00e6dninger og sl\u00e5r til en t\u00f8nde fyldt med slik, indtil t\u00f8nden brister, og slikket str\u00f8mmer ud.<\/p>\n\n\n\n<p>P\u00e5 den anden side er Karneval en globalt anerkendt festlighed, der finder sted i mange forskellige lande rundt om i verden. Det er kendt for sine livlige parader, farverige kostumer og festlige atmosf\u00e6re. Karneval har r\u00f8dder i katolsk tradition og er ofte forbundet med fejringen af \u200b\u200bden sidste dag f\u00f8r fasten begynder. Steder som Rio de Janeiro i Brasilien, Venedig i Italien og New Orleans i USA er ber\u00f8mte for deres spektakul\u00e6re karnevalsfester, der tiltr\u00e6kker tusindvis af bes\u00f8gende hvert \u00e5r.<\/p>\n\n\n\n<p>P\u00e5 denne blog vil jeg udforske forskellige aspekter af Fastelavn og Karneval, herunder historie, traditioner, kostumer og festligheder rundt omkring i verden. Vi vil dykke ned i farverige billeder, fascinerende fakta og tips til at skabe dit eget mindev\u00e6rdige Fastelavn eller Karneval.<\/p>\n\n\n\n<p>S\u00e5 tag din bedste maske, find dit mest spektakul\u00e6re kostume og v\u00e6r med til at fejre i denne festlige verden af Fastelavn og Karneval. Lad os begynde vores rejse sammen og udforske det magiske univers af fest og gl\u00e6de!<\/p>\n","protected":false},"excerpt":{"rendered":"<p>Velkommen til min blog, hvor vi i dag dykker ned i den farverige og festlige verden af Fastelavn og Karneval! Disse traditionsrige begivenheder er elsket af mennesker over hele verden og giver os mulighed for at slippe vores indre barn l\u00f8s, if\u00f8re os fantastiske kostumer og fejre med masser af sjov og ballade. Fastelavn og &hellip; <\/p>\n","protected":false},"author":3,"featured_media":0,"parent":0,"menu_order":0,"comment_status":"closed","ping_status":"closed","template":"","meta":{"om_disable_all_campaigns":false,"_uag_custom_page_level_css":"","_monsterinsights_skip_tracking":false,"_monsterinsights_sitenote_active":false,"_monsterinsights_sitenote_note":"","_monsterinsights_sitenote_category":0},"aioseo_notices":[],"uagb_featured_image_src":{"full":false,"thumbnail":false,"medium":false,"medium_large":false,"large":false,"post-slider-thumb-size":false,"post-category-slider-size":false,"1536x1536":false,"2048x2048":false,"blossom-recipe-schema":false,"blossom-recipe-slider":false,"blossom-recipe-blog":false,"blossom-recipe-blog-one":false,"mailpoet_newsletter_max":false,"woocommerce_thumbnail":false,"woocommerce_single":false,"woocommerce_gallery_thumbnail":false},"uagb_author_info":{"display_name":"Mette Brockmann","author_link":"https:\/\/qoxqo.net\/index.php\/author\/mette-admin\/"},"uagb_comment_info":0,"uagb_excerpt":"Velkommen til min blog, hvor vi i dag dykker ned i den farverige og festlige verden af Fastelavn og Karneval! Disse traditionsrige begivenheder er elsket af mennesker over hele verden og giver os mulighed for at slippe vores indre barn l\u00f8s, if\u00f8re os fantastiske kostumer og fejre med masser af sjov og ballade. Fastelavn og&hellip;","_links":{"self":[{"href":"https:\/\/qoxqo.net\/index.php\/wp-json\/wp\/v2\/pages\/388"}],"collection":[{"href":"https:\/\/qoxqo.net\/index.php\/wp-json\/wp\/v2\/pages"}],"about":[{"href":"https:\/\/qoxqo.net\/index.php\/wp-json\/wp\/v2\/types\/page"}],"author":[{"embeddable":true,"href":"https:\/\/qoxqo.net\/index.php\/wp-json\/wp\/v2\/users\/3"}],"replies":[{"embeddable":true,"href":"https:\/\/qoxqo.net\/index.php\/wp-json\/wp\/v2\/comments?post=388"}],"version-history":[{"count":2,"href":"https:\/\/qoxqo.net\/index.php\/wp-json\/wp\/v2\/pages\/388\/revisions"}],"predecessor-version":[{"id":570,"href":"https:\/\/qoxqo.net\/index.php\/wp-json\/wp\/v2\/pages\/388\/revisions\/570"}],"wp:attachment":[{"href":"https:\/\/qoxqo.net\/index.php\/wp-json\/wp\/v2\/media?parent=388"}],"curies":[{"name":"wp","href":"https:\/\/api.w.org\/{rel}","templated":true}]}}