{"id":387,"date":"2023-07-15T23:54:36","date_gmt":"2023-07-15T23:54:36","guid":{"rendered":"https:\/\/qoxqo.net\/?page_id=387"},"modified":"2023-07-16T17:38:45","modified_gmt":"2023-07-16T17:38:45","slug":"jul","status":"publish","type":"page","link":"https:\/\/qoxqo.net\/index.php\/jul\/","title":{"rendered":"Jul"},"content":{"rendered":"\n<div class=\"wp-block-uagb-container uagb-block-b437672f alignfull uagb-is-root-container\"><div class=\"uagb-container-inner-blocks-wrap\">\n<div class=\"wp-block-uagb-container uagb-block-614e851d\">\n<div class=\"wp-block-uagb-container uagb-block-03178a56\">\n<div class=\"wp-block-uagb-image uagb-block-586c4d50 wp-block-uagb-image--layout-default wp-block-uagb-image--effect-static wp-block-uagb-image--align-none\"><figure class=\"wp-block-uagb-image__figure\"><img decoding=\"async\" srcset=\"https:\/\/qoxqo.net\/wp-content\/uploads\/2023\/07\/christmas-tree-lights-stars-glowing-2928142-1-1024x682.jpg \" sizes=\"(max-width: 480px) 150px\" src=\"https:\/\/qoxqo.net\/wp-content\/uploads\/2023\/07\/christmas-tree-lights-stars-glowing-2928142-1-1024x682.jpg\" alt=\"christmas tree lights stars glowing 2928142\" class=\"uag-image-592\" width=\"1024\" height=\"682\" title=\"\" loading=\"lazy\"\/><\/figure><\/div>\n<\/div>\n<\/div>\n\n\n\n<div class=\"wp-block-uagb-container uagb-block-c3e14bd3\">\n<div class=\"wp-block-uagb-container uagb-block-3b67d8cb\">\n<div class=\"wp-block-uagb-container uagb-block-42136c9c\">\n<div class=\"wp-block-uagb-image uagb-block-66c44947 wp-block-uagb-image--layout-default wp-block-uagb-image--effect-static wp-block-uagb-image--align-none\"><figure class=\"wp-block-uagb-image__figure\"><img decoding=\"async\" srcset=\"https:\/\/qoxqo.net\/wp-content\/uploads\/2023\/07\/christmas-decoration-xmas-holiday-2937873-1024x709.jpg \" sizes=\"(max-width: 480px) 150px\" src=\"https:\/\/qoxqo.net\/wp-content\/uploads\/2023\/07\/christmas-decoration-xmas-holiday-2937873-1024x709.jpg\" alt=\"christmas decoration xmas holiday 2937873\" class=\"uag-image-591\" width=\"1024\" height=\"709\" title=\"\" loading=\"lazy\"\/><\/figure><\/div>\n<\/div>\n<\/div>\n<\/div>\n<\/div><\/div>\n\n\n\n<p>Velkommen til min blog, hvor vi dykker ned i den fortryllende verden af julen. Julen er en s\u00e6rlig tid p\u00e5 \u00e5ret, hvor vi samles med vores k\u00e6re og fejrer med gl\u00e6de, varme og h\u00e5b. Det er en tid fyldt med traditionsrige ritualer, farverige dekorationer, velsmagende mad og givende gaver. Men julen er mere end blot en festlig s\u00e6son \u2013 den bringer en f\u00f8lelse af f\u00e6llesskab, k\u00e6rlighed og taknemmelighed.<\/p>\n\n\n\n<p>P\u00e5 denne blog vil vi udforske julens magi p\u00e5 tv\u00e6rs af kulturer og traditioner. Vi vil dele historier om julelegender og skikke, der sp\u00e6nder fra gamle tiders juleeventyr til moderne familietraditioner. Vi vil dykke ned i den rige historie bag julefejringer og opdage, hvordan forskellige lande og folk \u00e6rer denne tid p\u00e5 deres helt egen m\u00e5de.<\/p>\n\n\n\n<p>Gennem indl\u00e6g fyldt med inspiration, tips og id\u00e9er vil vi ogs\u00e5 udforske kunsten at skabe en hyggelig og festlig atmosf\u00e6re derhjemme. Fra smukke juledekorationer og l\u00e6kre opskrifter til sjove aktiviteter og gaver, vil vi dele vores bedste r\u00e5d til at skabe uforglemmelige juleminder.<\/p>\n\n\n\n<p>Kom med p\u00e5 denne magiske rejse gennem julen, hvor vi vil opdage dens betydning og fordybe os i dens tidl\u00f8se charme. Uanset om du er en juleentusiast eller bare s\u00f8ger inspiration til en endnu mere gl\u00e6delig jul, er denne blog dedikeret til at bringe lys og gl\u00e6de ind i dit juleunivers.<\/p>\n\n\n\n<p>S\u00e5 tag en varm kop kakao, s\u00e6t dig godt til rette, og lad os sammen udforske julens vidunderlige verden!<\/p>\n","protected":false},"excerpt":{"rendered":"<p>Velkommen til min blog, hvor vi dykker ned i den fortryllende verden af julen. Julen er en s\u00e6rlig tid p\u00e5 \u00e5ret, hvor vi samles med vores k\u00e6re og fejrer med gl\u00e6de, varme og h\u00e5b. Det er en tid fyldt med traditionsrige ritualer, farverige dekorationer, velsmagende mad og givende gaver. Men julen er mere end blot &hellip; <\/p>\n","protected":false},"author":3,"featured_media":0,"parent":0,"menu_order":0,"comment_status":"closed","ping_status":"closed","template":"","meta":{"om_disable_all_campaigns":false,"_uag_custom_page_level_css":"","_monsterinsights_skip_tracking":false,"_monsterinsights_sitenote_active":false,"_monsterinsights_sitenote_note":"","_monsterinsights_sitenote_category":0},"aioseo_notices":[],"uagb_featured_image_src":{"full":false,"thumbnail":false,"medium":false,"medium_large":false,"large":false,"post-slider-thumb-size":false,"post-category-slider-size":false,"1536x1536":false,"2048x2048":false,"blossom-recipe-schema":false,"blossom-recipe-slider":false,"blossom-recipe-blog":false,"blossom-recipe-blog-one":false,"mailpoet_newsletter_max":false,"woocommerce_thumbnail":false,"woocommerce_single":false,"woocommerce_gallery_thumbnail":false},"uagb_author_info":{"display_name":"Mette Brockmann","author_link":"https:\/\/qoxqo.net\/index.php\/author\/mette-admin\/"},"uagb_comment_info":0,"uagb_excerpt":"Velkommen til min blog, hvor vi dykker ned i den fortryllende verden af julen. Julen er en s\u00e6rlig tid p\u00e5 \u00e5ret, hvor vi samles med vores k\u00e6re og fejrer med gl\u00e6de, varme og h\u00e5b. Det er en tid fyldt med traditionsrige ritualer, farverige dekorationer, velsmagende mad og givende gaver. Men julen er mere end blot&hellip;","_links":{"self":[{"href":"https:\/\/qoxqo.net\/index.php\/wp-json\/wp\/v2\/pages\/387"}],"collection":[{"href":"https:\/\/qoxqo.net\/index.php\/wp-json\/wp\/v2\/pages"}],"about":[{"href":"https:\/\/qoxqo.net\/index.php\/wp-json\/wp\/v2\/types\/page"}],"author":[{"embeddable":true,"href":"https:\/\/qoxqo.net\/index.php\/wp-json\/wp\/v2\/users\/3"}],"replies":[{"embeddable":true,"href":"https:\/\/qoxqo.net\/index.php\/wp-json\/wp\/v2\/comments?post=387"}],"version-history":[{"count":2,"href":"https:\/\/qoxqo.net\/index.php\/wp-json\/wp\/v2\/pages\/387\/revisions"}],"predecessor-version":[{"id":593,"href":"https:\/\/qoxqo.net\/index.php\/wp-json\/wp\/v2\/pages\/387\/revisions\/593"}],"wp:attachment":[{"href":"https:\/\/qoxqo.net\/index.php\/wp-json\/wp\/v2\/media?parent=387"}],"curies":[{"name":"wp","href":"https:\/\/api.w.org\/{rel}","templated":true}]}}