{"id":386,"date":"2023-07-15T23:54:36","date_gmt":"2023-07-15T23:54:36","guid":{"rendered":"https:\/\/qoxqo.net\/?page_id=386"},"modified":"2023-07-16T16:23:44","modified_gmt":"2023-07-16T16:23:44","slug":"halloween-de-doedes-dag","status":"publish","type":"page","link":"https:\/\/qoxqo.net\/index.php\/halloween-de-doedes-dag\/","title":{"rendered":"Halloween\/De d\u00f8des dag"},"content":{"rendered":"\n<div class=\"wp-block-uagb-container uagb-block-a8688ea2 alignfull uagb-is-root-container\"><div class=\"uagb-container-inner-blocks-wrap\">\n<div class=\"wp-block-uagb-container uagb-block-88d94096\">\n<div class=\"wp-block-uagb-container uagb-block-5a0e5a31\">\n<div class=\"wp-block-uagb-image uagb-block-dd6c6858 wp-block-uagb-image--layout-default wp-block-uagb-image--effect-static wp-block-uagb-image--align-none\"><figure class=\"wp-block-uagb-image__figure\"><img decoding=\"async\" srcset=\"https:\/\/qoxqo.net\/wp-content\/uploads\/2023\/07\/halloween-decorations.jpg \" sizes=\"(max-width: 480px) 150px\" src=\"https:\/\/qoxqo.net\/wp-content\/uploads\/2023\/07\/halloween-decorations.jpg\" alt=\"Halloween Decorations\" class=\"uag-image-577\" width=\"1024\" height=\"680\" title=\"\" loading=\"lazy\"\/><\/figure><\/div>\n<\/div>\n<\/div>\n\n\n\n<div class=\"wp-block-uagb-container uagb-block-aa157eec\">\n<div class=\"wp-block-uagb-container uagb-block-0aaad7ed\">\n<div class=\"wp-block-uagb-image uagb-block-cb8a0b06 wp-block-uagb-image--layout-default wp-block-uagb-image--effect-static wp-block-uagb-image--align-none\"><figure class=\"wp-block-uagb-image__figure\"><img decoding=\"async\" srcset=\"https:\/\/qoxqo.net\/wp-content\/uploads\/2023\/07\/dia-de-los-muertos-festival-los-angeles-11-01-10-1.jpg \" sizes=\"(max-width: 480px) 150px\" src=\"https:\/\/qoxqo.net\/wp-content\/uploads\/2023\/07\/dia-de-los-muertos-festival-los-angeles-11-01-10-1.jpg\" alt=\"Dia De Los Muertos Festival, Los Angeles, 11.01.10\" class=\"uag-image-579\" width=\"1000\" height=\"667\" title=\"\" loading=\"lazy\"\/><\/figure><\/div>\n<\/div>\n<\/div>\n<\/div><\/div>\n\n\n\n<p>Velkommen til vores blog, hvor vi dykker ned i den magiske og mystiske verden af Halloween og De D\u00f8des Dag!<\/p>\n\n\n\n<p>I denne skr\u00e6mmende og fascinerende tid p\u00e5 \u00e5ret, hvor gr\u00e6nserne mellem den levende verden og \u00e5ndeverdenen bliver tyndere, er vi her for at udforske alle aspekter af disse traditionsrige begivenheder. Uanset om du er en hardcore fan af gys og uhygge eller blot nysgerrig efter at l\u00e6re mere om historien bag, er du kommet til det rette sted.<\/p>\n\n\n\n<p>Vores blog vil tage dig med p\u00e5 en sp\u00e6ndende rejse gennem traditioner, kostumer, uhyggelige fort\u00e6llinger og symbolikken bag Halloween og De D\u00f8des Dag. Vi vil udforske oprindelsen af disse begivenheder, deres betydning i forskellige kulturer rundt om i verden og de forskellige m\u00e5der, de fejres p\u00e5.<\/p>\n\n\n\n<p>Uanset om du \u00f8nsker at finde inspiration til det perfekte Halloween-kostume, l\u00e6re om skikke og traditioner fra forskellige lande eller blot \u00f8nsker at granske mysterierne i \u00e5ndeverdenen, vil vores blog v\u00e6re din ultimative kilde til information, tips og underholdning.<\/p>\n\n\n\n<p>Vi h\u00e5ber, at vores indl\u00e6g vil v\u00e6kke din nysgerrighed og give dig en dybere forst\u00e5else af Halloween og De D\u00f8des Dag. G\u00f8r dig klar til at opleve en verden fyldt med uhygge, eventyr og sj\u00e6le fra fortiden!<\/p>\n\n\n\n<p>S\u00e5 l\u00e6n dig tilbage, tag en kop af din yndlings-halloween-drik, og lad os begive os ud p\u00e5 dette sp\u00e6ndende eventyr sammen. Velkommen til vores uhyggelige blog om Halloween og De D\u00f8des Dag!<\/p>\n","protected":false},"excerpt":{"rendered":"<p>Velkommen til vores blog, hvor vi dykker ned i den magiske og mystiske verden af Halloween og De D\u00f8des Dag! I denne skr\u00e6mmende og fascinerende tid p\u00e5 \u00e5ret, hvor gr\u00e6nserne mellem den levende verden og \u00e5ndeverdenen bliver tyndere, er vi her for at udforske alle aspekter af disse traditionsrige begivenheder. Uanset om du er en &hellip; <\/p>\n","protected":false},"author":3,"featured_media":0,"parent":0,"menu_order":0,"comment_status":"closed","ping_status":"closed","template":"","meta":{"om_disable_all_campaigns":false,"_uag_custom_page_level_css":"","_monsterinsights_skip_tracking":false,"_monsterinsights_sitenote_active":false,"_monsterinsights_sitenote_note":"","_monsterinsights_sitenote_category":0},"aioseo_notices":[],"uagb_featured_image_src":{"full":false,"thumbnail":false,"medium":false,"medium_large":false,"large":false,"post-slider-thumb-size":false,"post-category-slider-size":false,"1536x1536":false,"2048x2048":false,"blossom-recipe-schema":false,"blossom-recipe-slider":false,"blossom-recipe-blog":false,"blossom-recipe-blog-one":false,"mailpoet_newsletter_max":false,"woocommerce_thumbnail":false,"woocommerce_single":false,"woocommerce_gallery_thumbnail":false},"uagb_author_info":{"display_name":"Mette Brockmann","author_link":"https:\/\/qoxqo.net\/index.php\/author\/mette-admin\/"},"uagb_comment_info":0,"uagb_excerpt":"Velkommen til vores blog, hvor vi dykker ned i den magiske og mystiske verden af Halloween og De D\u00f8des Dag! I denne skr\u00e6mmende og fascinerende tid p\u00e5 \u00e5ret, hvor gr\u00e6nserne mellem den levende verden og \u00e5ndeverdenen bliver tyndere, er vi her for at udforske alle aspekter af disse traditionsrige begivenheder. Uanset om du er en&hellip;","_links":{"self":[{"href":"https:\/\/qoxqo.net\/index.php\/wp-json\/wp\/v2\/pages\/386"}],"collection":[{"href":"https:\/\/qoxqo.net\/index.php\/wp-json\/wp\/v2\/pages"}],"about":[{"href":"https:\/\/qoxqo.net\/index.php\/wp-json\/wp\/v2\/types\/page"}],"author":[{"embeddable":true,"href":"https:\/\/qoxqo.net\/index.php\/wp-json\/wp\/v2\/users\/3"}],"replies":[{"embeddable":true,"href":"https:\/\/qoxqo.net\/index.php\/wp-json\/wp\/v2\/comments?post=386"}],"version-history":[{"count":2,"href":"https:\/\/qoxqo.net\/index.php\/wp-json\/wp\/v2\/pages\/386\/revisions"}],"predecessor-version":[{"id":580,"href":"https:\/\/qoxqo.net\/index.php\/wp-json\/wp\/v2\/pages\/386\/revisions\/580"}],"wp:attachment":[{"href":"https:\/\/qoxqo.net\/index.php\/wp-json\/wp\/v2\/media?parent=386"}],"curies":[{"name":"wp","href":"https:\/\/api.w.org\/{rel}","templated":true}]}}