{"id":369,"date":"2023-07-15T23:44:47","date_gmt":"2023-07-15T23:44:47","guid":{"rendered":"https:\/\/qoxqo.net\/?page_id=369"},"modified":"2023-07-16T17:52:52","modified_gmt":"2023-07-16T17:52:52","slug":"livsstil","status":"publish","type":"page","link":"https:\/\/qoxqo.net\/index.php\/livsstil\/","title":{"rendered":"Livsstil"},"content":{"rendered":"\n<div class=\"wp-block-uagb-container uagb-block-dbda3266 alignfull uagb-is-root-container\"><div class=\"uagb-container-inner-blocks-wrap\">\n<div class=\"wp-block-uagb-image uagb-block-2f42d90b wp-block-uagb-image--layout-default wp-block-uagb-image--effect-static wp-block-uagb-image--align-none\"><figure class=\"wp-block-uagb-image__figure\"><img decoding=\"async\" srcset=\"https:\/\/qoxqo.net\/wp-content\/uploads\/2023\/07\/freedom-girl-travel-adventure-4782870-1024x682.jpg \" sizes=\"(max-width: 480px) 150px\" src=\"https:\/\/qoxqo.net\/wp-content\/uploads\/2023\/07\/freedom-girl-travel-adventure-4782870-1024x682.jpg\" alt=\"freedom girl travel adventure 4782870\" class=\"uag-image-597\" width=\"1024\" height=\"682\" title=\"\" loading=\"lazy\"\/><\/figure><\/div>\n<\/div><\/div>\n\n\n\n<p>Velkommen til Qoxqo.net &#8211; din kilde til inspiration til en berigende og balanceret livsstil. Her udforsker vi vejen til et velafbalanceret og opfyldende liv, hvor sundhed, trivsel og personlig udvikling er i fokus. Uanset om du \u00f8nsker at finde motivation til at forbedre din fysiske sundhed, skabe harmoni i dit sind eller opdage nye m\u00e5der at leve mere bevidst p\u00e5, er du kommet til det rette sted.<\/p>\n\n\n\n<p>P\u00e5 Qoxqo.net vil du finde et v\u00e6ld af artikler, tips og r\u00e5d, der sp\u00e6nder over en bred vifte af emner. Vi dykker ned i alt fra sund kost og motion til mindfulness, produktivitet, b\u00e6redygtighed og meget mere. Vores mission er at skabe et f\u00e6llesskab af ligesindede, der str\u00e6ber efter at omfavne en sund og berigende livsstil.<\/p>\n\n\n\n<p>Vi tror p\u00e5, at en vellykket livsstil er en personlig rejse, og vi er her for at guide dig gennem denne rejse ved at give dig de v\u00e6rkt\u00f8jer, du har brug for til at opn\u00e5 dit fulde potentiale. Uanset om du er p\u00e5 udkig efter sundheds- og fitnessrutiner, velv\u00e6re\u00f8velser, opskrifter eller bare \u00f8nsker at blive inspireret, vil du finde en overflod af indhold her, der kan hj\u00e6lpe dig med at skabe en livsstil, der fremmer gl\u00e6de, balance og mening.<\/p>\n\n\n\n<p>Tak fordi du er en del af vores f\u00e6llesskab! Vi ser frem til at tage denne rejse sammen og opdage de mange facetter af en berigende livsstil.<\/p>\n","protected":false},"excerpt":{"rendered":"<p>Velkommen til Qoxqo.net &#8211; din kilde til inspiration til en berigende og balanceret livsstil. Her udforsker vi vejen til et velafbalanceret og opfyldende liv, hvor sundhed, trivsel og personlig udvikling er i fokus. Uanset om du \u00f8nsker at finde motivation til at forbedre din fysiske sundhed, skabe harmoni i dit sind eller opdage nye m\u00e5der &hellip; <\/p>\n","protected":false},"author":3,"featured_media":0,"parent":0,"menu_order":0,"comment_status":"closed","ping_status":"closed","template":"","meta":{"om_disable_all_campaigns":false,"_uag_custom_page_level_css":"","_monsterinsights_skip_tracking":false,"_monsterinsights_sitenote_active":false,"_monsterinsights_sitenote_note":"","_monsterinsights_sitenote_category":0},"aioseo_notices":[],"uagb_featured_image_src":{"full":false,"thumbnail":false,"medium":false,"medium_large":false,"large":false,"post-slider-thumb-size":false,"post-category-slider-size":false,"1536x1536":false,"2048x2048":false,"blossom-recipe-schema":false,"blossom-recipe-slider":false,"blossom-recipe-blog":false,"blossom-recipe-blog-one":false,"mailpoet_newsletter_max":false,"woocommerce_thumbnail":false,"woocommerce_single":false,"woocommerce_gallery_thumbnail":false},"uagb_author_info":{"display_name":"Mette Brockmann","author_link":"https:\/\/qoxqo.net\/index.php\/author\/mette-admin\/"},"uagb_comment_info":0,"uagb_excerpt":"Velkommen til Qoxqo.net &#8211; din kilde til inspiration til en berigende og balanceret livsstil. Her udforsker vi vejen til et velafbalanceret og opfyldende liv, hvor sundhed, trivsel og personlig udvikling er i fokus. Uanset om du \u00f8nsker at finde motivation til at forbedre din fysiske sundhed, skabe harmoni i dit sind eller opdage nye m\u00e5der&hellip;","_links":{"self":[{"href":"https:\/\/qoxqo.net\/index.php\/wp-json\/wp\/v2\/pages\/369"}],"collection":[{"href":"https:\/\/qoxqo.net\/index.php\/wp-json\/wp\/v2\/pages"}],"about":[{"href":"https:\/\/qoxqo.net\/index.php\/wp-json\/wp\/v2\/types\/page"}],"author":[{"embeddable":true,"href":"https:\/\/qoxqo.net\/index.php\/wp-json\/wp\/v2\/users\/3"}],"replies":[{"embeddable":true,"href":"https:\/\/qoxqo.net\/index.php\/wp-json\/wp\/v2\/comments?post=369"}],"version-history":[{"count":2,"href":"https:\/\/qoxqo.net\/index.php\/wp-json\/wp\/v2\/pages\/369\/revisions"}],"predecessor-version":[{"id":599,"href":"https:\/\/qoxqo.net\/index.php\/wp-json\/wp\/v2\/pages\/369\/revisions\/599"}],"wp:attachment":[{"href":"https:\/\/qoxqo.net\/index.php\/wp-json\/wp\/v2\/media?parent=369"}],"curies":[{"name":"wp","href":"https:\/\/api.w.org\/{rel}","templated":true}]}}