{"id":367,"date":"2023-07-15T23:44:47","date_gmt":"2023-07-15T23:44:47","guid":{"rendered":"https:\/\/qoxqo.net\/?page_id=367"},"modified":"2023-07-16T12:15:00","modified_gmt":"2023-07-16T12:15:00","slug":"rejser","status":"publish","type":"page","link":"https:\/\/qoxqo.net\/index.php\/rejser\/","title":{"rendered":"Rejser"},"content":{"rendered":"\n<div class=\"wp-block-uagb-container uagb-block-b764d029 alignfull uagb-is-root-container\"><div class=\"uagb-container-inner-blocks-wrap\">\n<div class=\"wp-block-uagb-image uagb-block-d9fb2b55 wp-block-uagb-image--layout-default wp-block-uagb-image--effect-static wp-block-uagb-image--align-none\"><figure class=\"wp-block-uagb-image__figure\"><img decoding=\"async\" srcset=\"https:\/\/qoxqo.net\/wp-content\/uploads\/2023\/07\/machu-picchu-peru.jpg \" sizes=\"(max-width: 480px) 150px\" src=\"https:\/\/qoxqo.net\/wp-content\/uploads\/2023\/07\/machu-picchu-peru.jpg\" alt=\"Machu Picchu, Peru\" class=\"uag-image-523\" width=\"1024\" height=\"682\" title=\"\" loading=\"lazy\"\/><\/figure><\/div>\n<\/div><\/div>\n\n\n\n<p>Hej alle sammen,<\/p>\n\n\n\n<p>Velkommen til vores rejseblog, hvor vi deler vores bedste tips, oplevelser og rejseinspiration til b\u00e5de indenlandske og udenlandske destinationer. Vi fokuserer p\u00e5 rejser med b\u00f8rn og hvordan man kan skabe uforglemmelige oplevelser for hele familien med masser af tips, inspiration og fantastiske oplevelser!<\/p>\n","protected":false},"excerpt":{"rendered":"<p>Hej alle sammen, Velkommen til vores rejseblog, hvor vi deler vores bedste tips, oplevelser og rejseinspiration til b\u00e5de indenlandske og udenlandske destinationer. Vi fokuserer p\u00e5 rejser med b\u00f8rn og hvordan man kan skabe uforglemmelige oplevelser for hele familien med masser af tips, inspiration og fantastiske oplevelser!<\/p>\n","protected":false},"author":3,"featured_media":0,"parent":0,"menu_order":0,"comment_status":"closed","ping_status":"closed","template":"","meta":{"om_disable_all_campaigns":false,"_uag_custom_page_level_css":"","_monsterinsights_skip_tracking":false,"_monsterinsights_sitenote_active":false,"_monsterinsights_sitenote_note":"","_monsterinsights_sitenote_category":0},"aioseo_notices":[],"uagb_featured_image_src":{"full":false,"thumbnail":false,"medium":false,"medium_large":false,"large":false,"post-slider-thumb-size":false,"post-category-slider-size":false,"1536x1536":false,"2048x2048":false,"blossom-recipe-schema":false,"blossom-recipe-slider":false,"blossom-recipe-blog":false,"blossom-recipe-blog-one":false,"mailpoet_newsletter_max":false,"woocommerce_thumbnail":false,"woocommerce_single":false,"woocommerce_gallery_thumbnail":false},"uagb_author_info":{"display_name":"Mette Brockmann","author_link":"https:\/\/qoxqo.net\/index.php\/author\/mette-admin\/"},"uagb_comment_info":0,"uagb_excerpt":"Hej alle sammen, Velkommen til vores rejseblog, hvor vi deler vores bedste tips, oplevelser og rejseinspiration til b\u00e5de indenlandske og udenlandske destinationer. Vi fokuserer p\u00e5 rejser med b\u00f8rn og hvordan man kan skabe uforglemmelige oplevelser for hele familien med masser af tips, inspiration og fantastiske oplevelser!","_links":{"self":[{"href":"https:\/\/qoxqo.net\/index.php\/wp-json\/wp\/v2\/pages\/367"}],"collection":[{"href":"https:\/\/qoxqo.net\/index.php\/wp-json\/wp\/v2\/pages"}],"about":[{"href":"https:\/\/qoxqo.net\/index.php\/wp-json\/wp\/v2\/types\/page"}],"author":[{"embeddable":true,"href":"https:\/\/qoxqo.net\/index.php\/wp-json\/wp\/v2\/users\/3"}],"replies":[{"embeddable":true,"href":"https:\/\/qoxqo.net\/index.php\/wp-json\/wp\/v2\/comments?post=367"}],"version-history":[{"count":3,"href":"https:\/\/qoxqo.net\/index.php\/wp-json\/wp\/v2\/pages\/367\/revisions"}],"predecessor-version":[{"id":526,"href":"https:\/\/qoxqo.net\/index.php\/wp-json\/wp\/v2\/pages\/367\/revisions\/526"}],"wp:attachment":[{"href":"https:\/\/qoxqo.net\/index.php\/wp-json\/wp\/v2\/media?parent=367"}],"curies":[{"name":"wp","href":"https:\/\/api.w.org\/{rel}","templated":true}]}}