{"id":3,"date":"2023-02-09T22:36:41","date_gmt":"2023-02-09T22:36:41","guid":{"rendered":"http:\/\/qoxqo.net\/?page_id=3"},"modified":"2023-07-16T17:46:33","modified_gmt":"2023-07-16T17:46:33","slug":"privacy-policy","status":"publish","type":"page","link":"https:\/\/qoxqo.net\/index.php\/privacy-policy\/","title":{"rendered":"Privatlivspolitik"},"content":{"rendered":"\n<h2 class=\"wp-block-heading\"><\/h2>\n\n\n\n<h2 class=\"wp-block-heading\"><img decoding=\"async\" alt=\"Welcome to Privatlivspolitik\" src=\"https:\/\/lh3.googleusercontent.com\/m97U_-voEJVZaTFJyMKSl8SMfTA54IXsfOFzED6wJsD6bL6l0_m2hlIFcRSvhSJCoVUPdlmEwM4QWht7qlJisMlMs1uZPn2CTj5b5W_-u36OWLkQe7AY=h60\"><\/h2>\n\n\n\n<p>Denne hjemmeside bruger cookies i den hensigt at tilpasse mit indhold og evt. annoncer og til at analysere trafik. Der deles ogs\u00e5 oplysninger om din brug af min hjemmeside med partnere inden for sociale medier, annonceringspartnere og analysepartnere. Du samtykker til brugen af cookies, hvis du forts\u00e6tter med at anvende min hjemmeside.<\/p>\n\n\n\n<p><strong>Hvad er cookies?<br><\/strong>En cookie er en lille tekstfil, der lagres i din browser for at kunne genkende din computer ved tilbagevendende bes\u00f8g. Cookies kan indeholde tekst og tal herunder f.eks. datoer. Der er ingen personlige oplysninger gemt i mine cookies, og de kan ikke indeholde virus.<\/p>\n\n\n\n<p>Nogle cookies bliver liggende p\u00e5 din computer, efter at du lukker browseren, mens andre slettes efter 30 min., eller n\u00e5r browseren lukkes.<\/p>\n\n\n\n<p><strong>Google Analytics<\/strong><br>Jeg bruger cookies fra Google Analytics til statistiske form\u00e5l for bl.a. at forbedre brugervenligheden p\u00e5 hjemmesiden. Google Analytics indsamler anonym information om brugen af websitet. Oplysningerne benytter jeg bl.a. til at f\u00e5 viden om, hvor mange bes\u00f8gende der er, og om brugeradf\u00e6rd. Jeg kan bl.a. se, hvor mine bes\u00f8gende kommer fra, hvilke sider de bes\u00f8ger, og hvor l\u00e6nge de opholder sig p\u00e5 siderne. Det giver mig en viden om, hvilke sider der fungerer, og hvilke sider jeg b\u00f8r forbedre.<\/p>\n\n\n\n<p><strong>Hvem deler jeg dine data med?<br><\/strong>Jeg deler kun anonyme data med andre. N\u00e5r du bes\u00f8ger og bruger qoxqo.net, bliver der samlet anonyme data om din brug p\u00e5 siden.&nbsp;Bes\u00f8gendes kommentarer kan muligvis blive kontrolleret af en automatisk spam-genkendelse tjeneste.<\/p>\n\n\n\n<p><strong>Kommentarer<br><\/strong>N\u00e5r bes\u00f8gende skriver kommentarer p\u00e5 qoxqo.net, indsamler jeg de data, som vises i kommentarformularen, og ogs\u00e5 den bes\u00f8gendes IP-adresse og browserens user-agent-string for at hj\u00e6lpe med at opdage spam. Hvis du skriver en kommentar, s\u00e5 bliver dine kommentarer og dens metadata bevaret p\u00e5 ubestemt tid. Dette er s\u00e5 jeg kan genkende og godkende enhver opf\u00f8lgende kommentar automatisk i stedet for at have dem i en moderations-k\u00f8.<\/p>\n\n\n\n<p><strong>Indlejret indhold<br><\/strong>Artikler p\u00e5 denne hjemmeside kan indeholde indlejret indhold (f.eks. fotos, artikler, anbefalinger, videoer osv.). Indlejret indhold fra andre hjemmesider opf\u00f8rer sig p\u00e5 n\u00f8jagtig samme m\u00e5de, som hvis den bes\u00f8gende har bes\u00f8gt den anden hjemmeside.<\/p>\n\n\n\n<p>Disse hjemmesider indsamler muligvis data om dig, bruger cookies, indlejrer ekstra tredjeparts-sporing, og overv\u00e5ger din interaktion med dette indlejrede indhold, heriblandt at spore din interaktion med indlejret indhold, s\u00e5fremt du har en konto og et log-in p\u00e5 hjemmesiden.<\/p>\n\n\n\n<p><strong>Du kan undg\u00e5 brugen af cookies p\u00e5 hjemmesiden<br><\/strong>Uanset hvilken browser du benytter, kan du indstille browseren til, at den ikke gemmer cookies. Nogle browsere kan indstilles til ikke at gemme cookies fra bestemte hjemmesider.<\/p>\n\n\n\n<p><strong>Du kan slette cookies<br><\/strong>I indstillingerne i din browser kan du slette cookies. P\u00e5 <a href=\"http:\/\/minecookies.org\/cookiehandtering\">http:\/\/minecookies.org\/cookiehandtering<\/a> kan du l\u00e6se mere om cookies og f\u00e5 vejledning om, hvordan du sletter cookies p\u00e5 forskellige browsere.<\/p>\n\n\n\n<p><strong>Dine rettigheder over dine data<br><\/strong>Hvis du skriver en kommentar p\u00e5 min hjemmeside, kan du bede om en eksporteret fil med de personlige data, jeg har liggende om dig, heriblandt al den data, du har indtastet. Du kan ogs\u00e5 bede om, at f\u00e5 slettet alle personlige data, der er gemt om dig. Dette indbefatter ikke nogen form for data, som jeg er forpligtet til at gemme af sikkerhedsm\u00e6ssige, lovm\u00e6ssige og\/eller administrative grunde.<br><br><\/p>\n\n\n\n<p><strong>Kontakt<br><\/strong>Hvis du har sp\u00f8rgsm\u00e5l om denne cookie- og privatlivspolitik, kan du kontakte mig via kontaktformularen. <\/p>\n","protected":false},"excerpt":{"rendered":"<p>Denne hjemmeside bruger cookies i den hensigt at tilpasse mit indhold og evt. annoncer og til at analysere trafik. Der deles ogs\u00e5 oplysninger om din brug af min hjemmeside med partnere inden for sociale medier, annonceringspartnere og analysepartnere. Du samtykker til brugen af cookies, hvis du forts\u00e6tter med at anvende min hjemmeside. Hvad er cookies?En &hellip; <\/p>\n","protected":false},"author":1,"featured_media":0,"parent":0,"menu_order":0,"comment_status":"closed","ping_status":"open","template":"","meta":{"om_disable_all_campaigns":false,"_uag_custom_page_level_css":"","_monsterinsights_skip_tracking":false,"_monsterinsights_sitenote_active":false,"_monsterinsights_sitenote_note":"","_monsterinsights_sitenote_category":0},"aioseo_notices":[],"uagb_featured_image_src":{"full":false,"thumbnail":false,"medium":false,"medium_large":false,"large":false,"post-slider-thumb-size":false,"post-category-slider-size":false,"1536x1536":false,"2048x2048":false,"blossom-recipe-schema":false,"blossom-recipe-slider":false,"blossom-recipe-blog":false,"blossom-recipe-blog-one":false,"mailpoet_newsletter_max":false,"woocommerce_thumbnail":false,"woocommerce_single":false,"woocommerce_gallery_thumbnail":false},"uagb_author_info":{"display_name":"juanluis0077@gmail.com","author_link":"https:\/\/qoxqo.net\/index.php\/author\/juanluis0077gmail-com\/"},"uagb_comment_info":0,"uagb_excerpt":"Denne hjemmeside bruger cookies i den hensigt at tilpasse mit indhold og evt. annoncer og til at analysere trafik. Der deles ogs\u00e5 oplysninger om din brug af min hjemmeside med partnere inden for sociale medier, annonceringspartnere og analysepartnere. Du samtykker til brugen af cookies, hvis du forts\u00e6tter med at anvende min hjemmeside. Hvad er cookies?En&hellip;","_links":{"self":[{"href":"https:\/\/qoxqo.net\/index.php\/wp-json\/wp\/v2\/pages\/3"}],"collection":[{"href":"https:\/\/qoxqo.net\/index.php\/wp-json\/wp\/v2\/pages"}],"about":[{"href":"https:\/\/qoxqo.net\/index.php\/wp-json\/wp\/v2\/types\/page"}],"author":[{"embeddable":true,"href":"https:\/\/qoxqo.net\/index.php\/wp-json\/wp\/v2\/users\/1"}],"replies":[{"embeddable":true,"href":"https:\/\/qoxqo.net\/index.php\/wp-json\/wp\/v2\/comments?post=3"}],"version-history":[{"count":4,"href":"https:\/\/qoxqo.net\/index.php\/wp-json\/wp\/v2\/pages\/3\/revisions"}],"predecessor-version":[{"id":346,"href":"https:\/\/qoxqo.net\/index.php\/wp-json\/wp\/v2\/pages\/3\/revisions\/346"}],"wp:attachment":[{"href":"https:\/\/qoxqo.net\/index.php\/wp-json\/wp\/v2\/media?parent=3"}],"curies":[{"name":"wp","href":"https:\/\/api.w.org\/{rel}","templated":true}]}}