{"id":2,"date":"2023-02-09T22:36:41","date_gmt":"2023-02-09T22:36:41","guid":{"rendered":"http:\/\/qoxqo.net\/?page_id=2"},"modified":"2023-07-18T06:11:45","modified_gmt":"2023-07-18T06:11:45","slug":"sample-page","status":"publish","type":"page","link":"https:\/\/qoxqo.net\/index.php\/sample-page\/","title":{"rendered":"Opskrifter"},"content":{"rendered":"\n<p>Velkommen til Qoxqo.net! P\u00e5 denne blog kan du udforske en verden af smag og kulinariske oplevelser. Vi tager dig med p\u00e5 en rejse gennem tre forskellige k\u00f8kkener &#8211; det peruvianske, det internationale og det danske k\u00f8kken.<\/p>\n\n\n\n<p>Opdag det peruvianske k\u00f8kkens rige traditioner og fortryllende smagskombinationer. Fra den ber\u00f8mte ceviche, der kombinerer frisk fisk med citrusmarinade, til den hjertevarmende lomo saltado, vil du finde autentiske opskrifter og historier, der hylder Perus kulinariske arv.<\/p>\n\n\n\n<p>Udforsk det internationale k\u00f8kkens mangfoldighed og smag verden rundt uden at forlade dit k\u00f8kken. Jeg vil pr\u00e6sentere dig for sp\u00e6ndende retter fra forskellige kulturer &#8211; fra thailandske karryretter til italienske pastaer og indiske krydderiblandinger. V\u00e6r klar til at udforske nye smagsnuancer og skabe uforglemmelige gastronomiske oplevelser.<\/p>\n\n\n\n<p>Men lad os ikke glemme det danske k\u00f8kken! Vi vil ogs\u00e5 dele klassiske danske opskrifter, der bringer minder om hygge og hjemmelavede retter. Fra sm\u00f8rrebr\u00f8d til frikadeller og risalamande, vil du finde opskrifter, der fejrer danske traditioner og fork\u00e6ler dine smagsl\u00f8g.<\/p>\n\n\n\n<p>Uanset om du er p\u00e5 jagt efter et eksotisk twist, \u00f8nsker at udfordre dine smagsl\u00f8g eller bare har lyst til at fork\u00e6le dig selv med velkendte smagsoplevelser, er Qoxqo.net det rette sted for dig. G\u00f8r dig klar til at udforske, l\u00e6re og nyde det bedste fra det peruvianske, internationale og danske k\u00f8kken. Bon app\u00e9tit!&#8221;<\/p>\n\n\n\n<div class=\"wp-block-uagb-container uagb-block-f7d9307f alignfull uagb-is-root-container\"><div class=\"uagb-container-inner-blocks-wrap\">\n<div class=\"wp-block-uagb-container uagb-block-6ee89088\">\n<div class=\"wp-block-uagb-container uagb-block-ff9f8bc4\">\n<div class=\"wp-block-uagb-image uagb-block-d9019eba wp-block-uagb-image--layout-default wp-block-uagb-image--effect-static wp-block-uagb-image--align-none\"><figure class=\"wp-block-uagb-image__figure\"><a class=\"\" href=\"https:\/\/qoxqo.net\/index.php\/category\/det-peruvianske-koekken\/\" target=\"\" rel=\"noopener\"><img decoding=\"async\" srcset=\"https:\/\/qoxqo.net\/wp-content\/uploads\/2023\/07\/lomo-saltado.jpg \" sizes=\"(max-width: 480px) 150px\" src=\"https:\/\/qoxqo.net\/wp-content\/uploads\/2023\/07\/lomo-saltado.jpg\" alt=\"Lomo Saltado\" class=\"uag-image-322\" width=\"500\" height=\"338\" title=\"\" loading=\"lazy\"\/><\/a><\/figure><\/div>\n\n\n\n<div class=\"wp-block-uagb-advanced-heading uagb-block-ee049449\"><h3 class=\"uagb-heading-text\">Det Peruvianske K\u00f8kken<\/h3><\/div>\n<\/div>\n<\/div>\n\n\n\n<div class=\"wp-block-uagb-container uagb-block-28ed52c0\">\n<div class=\"wp-block-uagb-container uagb-block-94162d74\">\n<div class=\"wp-block-uagb-image uagb-block-4fb422fb wp-block-uagb-image--layout-default wp-block-uagb-image--effect-static wp-block-uagb-image--align-none\"><figure class=\"wp-block-uagb-image__figure\"><img decoding=\"async\" srcset=\"https:\/\/qoxqo.net\/wp-content\/uploads\/2023\/07\/tarteletter-stowage-food-eat-2300923-1024x682.jpg \" sizes=\"(max-width: 480px) 150px\" src=\"https:\/\/qoxqo.net\/wp-content\/uploads\/2023\/07\/tarteletter-stowage-food-eat-2300923-1024x682.jpg\" alt=\"tarteletter stowage food eat 2300923\" class=\"uag-image-323\" width=\"1024\" height=\"682\" title=\"\" loading=\"lazy\"\/><\/figure><\/div>\n\n\n\n<div class=\"wp-block-uagb-advanced-heading uagb-block-e90eb0ca\"><h3 class=\"uagb-heading-text\">Det Danske <br>K\u00f8kken<\/h3><\/div>\n<\/div>\n<\/div>\n\n\n\n<div class=\"wp-block-uagb-container uagb-block-55b092bf\">\n<div class=\"wp-block-uagb-container uagb-block-056a8b7c\">\n<div class=\"wp-block-uagb-image uagb-block-4ce62549 wp-block-uagb-image--layout-default wp-block-uagb-image--effect-static wp-block-uagb-image--align-none\"><figure class=\"wp-block-uagb-image__figure\"><img decoding=\"async\" srcset=\"https:\/\/qoxqo.net\/wp-content\/uploads\/2023\/07\/breakfast-idli-indian-foods-idli-2408818-1024x682.jpg \" sizes=\"(max-width: 480px) 150px\" src=\"https:\/\/qoxqo.net\/wp-content\/uploads\/2023\/07\/breakfast-idli-indian-foods-idli-2408818-1024x682.jpg\" alt=\"breakfast idli indian foods idli 2408818\" class=\"uag-image-324\" width=\"1024\" height=\"682\" title=\"\" loading=\"lazy\"\/><\/figure><\/div>\n\n\n\n<div class=\"wp-block-uagb-advanced-heading uagb-block-3e322f30\"><h3 class=\"uagb-heading-text\">Det Internationale K\u00f8kken<\/h3><\/div>\n<\/div>\n<\/div>\n<\/div><\/div>\n\n\n\n<div class=\"wp-block-uagb-container uagb-block-8b7e97b7 alignfull uagb-is-root-container\"><div class=\"uagb-container-inner-blocks-wrap\"><ul class=\"wp-block-categories-list wp-block-categories\">\t<li class=\"cat-item cat-item-112\"><a href=\"https:\/\/qoxqo.net\/index.php\/category\/opskrifter\/bagvaerk\/\">Bagv\u00e6rk<\/a>\n<\/li>\n\t<li class=\"cat-item cat-item-100\"><a href=\"https:\/\/qoxqo.net\/index.php\/category\/mere-qoxqo\/boern\/\">B\u00f8rn<\/a>\n<\/li>\n\t<li class=\"cat-item cat-item-111\"><a href=\"https:\/\/qoxqo.net\/index.php\/category\/opskrifter\/dessert\/\">Dessert<\/a>\n<\/li>\n\t<li class=\"cat-item cat-item-98\"><a href=\"https:\/\/qoxqo.net\/index.php\/category\/det-danske-koekken\/\">Det Danske K\u00f8kken<\/a>\n<\/li>\n\t<li class=\"cat-item cat-item-29\"><a href=\"https:\/\/qoxqo.net\/index.php\/category\/det-peruvianske-koekken\/\">Det Peruvianske K\u00f8kken<\/a>\n<\/li>\n\t<li class=\"cat-item cat-item-113\"><a href=\"https:\/\/qoxqo.net\/index.php\/category\/opskrifter\/drikkevarer\/\">Drikkevarer<\/a>\n<\/li>\n\t<li class=\"cat-item cat-item-120\"><a href=\"https:\/\/qoxqo.net\/index.php\/category\/opskrifter\/drikkevarer\/drikkevarer-med-alkohol\/\">Drikkevarer med alkohol<\/a>\n<\/li>\n\t<li class=\"cat-item cat-item-121\"><a href=\"https:\/\/qoxqo.net\/index.php\/category\/opskrifter\/drikkevarer\/drikkevarer-uden-alkohol\/\">Drikkevarer uden alkohol<\/a>\n<\/li>\n\t<li class=\"cat-item cat-item-114\"><a href=\"https:\/\/qoxqo.net\/index.php\/category\/opskrifter\/fisk-og-skalddyr\/\">Fisk og skalddyr<\/a>\n<\/li>\n\t<li class=\"cat-item cat-item-105\"><a href=\"https:\/\/qoxqo.net\/index.php\/category\/traditioner-og-helligdage\/foedselsdage\/\">F\u00f8dselsdage<\/a>\n<\/li>\n\t<li class=\"cat-item cat-item-108\"><a href=\"https:\/\/qoxqo.net\/index.php\/category\/traditioner-og-helligdage\/jul\/\">Jul<\/a>\n<\/li>\n\t<li class=\"cat-item cat-item-116\"><a href=\"https:\/\/qoxqo.net\/index.php\/category\/opskrifter\/koedretter\/\">K\u00f8dretter<\/a>\n<\/li>\n\t<li class=\"cat-item cat-item-118\"><a href=\"https:\/\/qoxqo.net\/index.php\/category\/opskrifter\/koedretter\/kylling\/\">Kylling<\/a>\n<\/li>\n\t<li class=\"cat-item cat-item-99\"><a href=\"https:\/\/qoxqo.net\/index.php\/category\/mere-qoxqo\/\">Mere Qoxqo<\/a>\n<\/li>\n\t<li class=\"cat-item cat-item-117\"><a href=\"https:\/\/qoxqo.net\/index.php\/category\/opskrifter\/koedretter\/oksekoed\/\">oksek\u00f8d<\/a>\n<\/li>\n\t<li class=\"cat-item cat-item-109\"><a href=\"https:\/\/qoxqo.net\/index.php\/category\/opskrifter\/\">Opskrifter<\/a>\n<\/li>\n\t<li class=\"cat-item cat-item-33\"><a href=\"https:\/\/qoxqo.net\/index.php\/category\/mere-qoxqo\/rejser\/\">Rejser<\/a>\n<\/li>\n\t<li class=\"cat-item cat-item-115\"><a href=\"https:\/\/qoxqo.net\/index.php\/category\/opskrifter\/supper\/\">Supper<\/a>\n<\/li>\n\t<li class=\"cat-item cat-item-119\"><a href=\"https:\/\/qoxqo.net\/index.php\/category\/opskrifter\/koedretter\/svin\/\">Svin<\/a>\n<\/li>\n\t<li class=\"cat-item cat-item-110\"><a href=\"https:\/\/qoxqo.net\/index.php\/category\/opskrifter\/vegetariske-retter\/\">Vegetariske retter<\/a>\n<\/li>\n\t<li class=\"cat-item cat-item-1\"><a href=\"https:\/\/qoxqo.net\/index.php\/category\/velkommen\/\">Velkommen<\/a>\n<\/li>\n<\/ul><\/div><\/div>\n\n\n\n<div class=\"wp-block-uagb-container uagb-block-080cc212 alignfull uagb-is-root-container\"><div class=\"uagb-container-inner-blocks-wrap\">\n\t\t\t<div class=\"wp-block-uagb-post-grid uagb-post-grid  uagb-post__image-position-top uagb-post__image-enabled uagb-block-eb7ce559     uagb-post__items uagb-post__columns-3 is-grid uagb-post__columns-tablet-2 uagb-post__columns-mobile-1 uagb-post__equal-height\" data-total=\"6\" style=\"\">\n\n\t\t\t\t\t\t\t\t\t\t\t\t<article class=\"uagb-post__inner-wrap\">\t\t\t\t\t\t\t\t<div class='uagb-post__image'>\n\t\t\t\t\t\t\t\t\t<a href=\"https:\/\/qoxqo.net\/index.php\/2023\/08\/06\/perus-mange-ansigter\/\" target=\"_self\" rel=\"bookmark noopener noreferrer\" class='uagb-image-ratio-inherit'><img width=\"800\" height=\"600\" src=\"https:\/\/qoxqo.net\/wp-content\/uploads\/2023\/08\/peru-bolivian-people-august-2006-1.jpg\" class=\"attachment-large size-large\" alt=\"Peru Bolivian People -august 2006\" decoding=\"async\" loading=\"lazy\" srcset=\"https:\/\/qoxqo.net\/wp-content\/uploads\/2023\/08\/peru-bolivian-people-august-2006-1.jpg 1024w, https:\/\/qoxqo.net\/wp-content\/uploads\/2023\/08\/peru-bolivian-people-august-2006-1-300x225.jpg 300w, https:\/\/qoxqo.net\/wp-content\/uploads\/2023\/08\/peru-bolivian-people-august-2006-1-768x576.jpg 768w, https:\/\/qoxqo.net\/wp-content\/uploads\/2023\/08\/peru-bolivian-people-august-2006-1-80x60.jpg 80w, https:\/\/qoxqo.net\/wp-content\/uploads\/2023\/08\/peru-bolivian-people-august-2006-1-600x450.jpg 600w\" sizes=\"(max-width: 800px) 100vw, 800px\" \/>\t\t\t\t\t<\/a>\n\t\t\t\t\t\t\t<\/div>\n\t\t\t\t\t\t<h4 class=\"uagb-post__title uagb-post__text\">\n\t\t\t\t<a href=\"https:\/\/qoxqo.net\/index.php\/2023\/08\/06\/perus-mange-ansigter\/\" target=\"_self\" rel=\"bookmark noopener noreferrer\">Perus mange ansigter<\/a>\n\t\t\t<\/h4>\n\t\t\t\t\t\t<div class='uagb-post__text uagb-post-grid-byline'>\n\t\t\t\t\t\t\t\t<time datetime=\"2023-08-06T18:32:16+00:00\" class=\"uagb-post__date\">\n\t\t\t\t<span class=\"dashicons-calendar dashicons\"><\/span>\t\t\t\t\taugust 6, 2023\t\t\t\t<\/time>\n\t\t\t\t\t\t\t<span class=\"uagb-post__comment\">\n\t\t\t\t<span class=\"dashicons-admin-comments dashicons\"><\/span>\t\t\t\t\tIngen kommentarer\t\t\t\t<\/span>\n\t\t\t\t\t\t<\/div>\n\t\t\t\t\t\t\t<div class='uagb-post__text uagb-post__excerpt'>\n\t\t\t\t\t<p>Perus befolkning er en mangfoldig blanding af forskellige folkeslag fra fire kontinenter. De oprindelige folk,&#8230;\t\t\t\t<\/div>\n\t\t\t\t\t\t<div class=\"uagb-post__text uagb-post__cta wp-block-button\">\n\t\t\t\t<a class=\"wp-block-button__link uagb-text-link\" href=\"https:\/\/qoxqo.net\/index.php\/2023\/08\/06\/perus-mange-ansigter\/\" target=\"_self\" rel=\"bookmark noopener noreferrer\">Read More<\/a>\n\t\t\t<\/div>\n\t\t\t\t\t\t\t\t\t\t\t\t<\/article>\n\t\t\t\t\t\t\t\t\t\t\t\t\t\t\t\t<article class=\"uagb-post__inner-wrap\">\t\t\t\t\t\t\t\t<div class='uagb-post__image'>\n\t\t\t\t\t\t\t\t\t<a href=\"https:\/\/qoxqo.net\/index.php\/2023\/08\/06\/det-peruvianske-koekken\/\" target=\"_self\" rel=\"bookmark noopener noreferrer\" class='uagb-image-ratio-inherit'><img width=\"704\" height=\"1024\" src=\"https:\/\/qoxqo.net\/wp-content\/uploads\/2023\/08\/borders-country-flag-latin-map-1297000-704x1024.png\" class=\"attachment-large size-large\" alt=\"borders country flag latin map 1297000\" decoding=\"async\" loading=\"lazy\" srcset=\"https:\/\/qoxqo.net\/wp-content\/uploads\/2023\/08\/borders-country-flag-latin-map-1297000-704x1024.png 704w, https:\/\/qoxqo.net\/wp-content\/uploads\/2023\/08\/borders-country-flag-latin-map-1297000-206x300.png 206w, https:\/\/qoxqo.net\/wp-content\/uploads\/2023\/08\/borders-country-flag-latin-map-1297000-768x1117.png 768w, https:\/\/qoxqo.net\/wp-content\/uploads\/2023\/08\/borders-country-flag-latin-map-1297000-41x60.png 41w, https:\/\/qoxqo.net\/wp-content\/uploads\/2023\/08\/borders-country-flag-latin-map-1297000-600x873.png 600w, https:\/\/qoxqo.net\/wp-content\/uploads\/2023\/08\/borders-country-flag-latin-map-1297000.png 880w\" sizes=\"(max-width: 704px) 100vw, 704px\" \/>\t\t\t\t\t<\/a>\n\t\t\t\t\t\t\t<\/div>\n\t\t\t\t\t\t<h4 class=\"uagb-post__title uagb-post__text\">\n\t\t\t\t<a href=\"https:\/\/qoxqo.net\/index.php\/2023\/08\/06\/det-peruvianske-koekken\/\" target=\"_self\" rel=\"bookmark noopener noreferrer\">Det Peruvianske K\u00f8kken<\/a>\n\t\t\t<\/h4>\n\t\t\t\t\t\t<div class='uagb-post__text uagb-post-grid-byline'>\n\t\t\t\t\t\t\t\t<time datetime=\"2023-08-06T17:49:41+00:00\" class=\"uagb-post__date\">\n\t\t\t\t<span class=\"dashicons-calendar dashicons\"><\/span>\t\t\t\t\taugust 6, 2023\t\t\t\t<\/time>\n\t\t\t\t\t\t\t<span class=\"uagb-post__comment\">\n\t\t\t\t<span class=\"dashicons-admin-comments dashicons\"><\/span>\t\t\t\t\tIngen kommentarer\t\t\t\t<\/span>\n\t\t\t\t\t\t<\/div>\n\t\t\t\t\t\t\t<div class='uagb-post__text uagb-post__excerpt'>\n\t\t\t\t\t<p>Da jeg for en del \u00e5r siden l\u00e6rte om det peruvianske k\u00f8kken, var et af&#8230;\t\t\t\t<\/div>\n\t\t\t\t\t\t<div class=\"uagb-post__text uagb-post__cta wp-block-button\">\n\t\t\t\t<a class=\"wp-block-button__link uagb-text-link\" href=\"https:\/\/qoxqo.net\/index.php\/2023\/08\/06\/det-peruvianske-koekken\/\" target=\"_self\" rel=\"bookmark noopener noreferrer\">Read More<\/a>\n\t\t\t<\/div>\n\t\t\t\t\t\t\t\t\t\t\t\t<\/article>\n\t\t\t\t\t\t\t\t\t\t\t\t\t\t\t\t<article class=\"uagb-post__inner-wrap\">\t\t\t\t\t\t\t\t<div class='uagb-post__image'>\n\t\t\t\t\t\t\t\t\t<a href=\"https:\/\/qoxqo.net\/index.php\/2023\/07\/18\/milanesa-de-pollo\/\" target=\"_self\" rel=\"bookmark noopener noreferrer\" class='uagb-image-ratio-inherit'><img width=\"480\" height=\"640\" src=\"https:\/\/qoxqo.net\/wp-content\/uploads\/2023\/07\/Milanesadepollojpg-3.jpg\" class=\"attachment-large size-large\" alt=\"\" decoding=\"async\" loading=\"lazy\" srcset=\"https:\/\/qoxqo.net\/wp-content\/uploads\/2023\/07\/Milanesadepollojpg-3.jpg 480w, https:\/\/qoxqo.net\/wp-content\/uploads\/2023\/07\/Milanesadepollojpg-3-225x300.jpg 225w, https:\/\/qoxqo.net\/wp-content\/uploads\/2023\/07\/Milanesadepollojpg-3-45x60.jpg 45w\" sizes=\"(max-width: 480px) 100vw, 480px\" \/>\t\t\t\t\t<\/a>\n\t\t\t\t\t\t\t<\/div>\n\t\t\t\t\t\t<h4 class=\"uagb-post__title uagb-post__text\">\n\t\t\t\t<a href=\"https:\/\/qoxqo.net\/index.php\/2023\/07\/18\/milanesa-de-pollo\/\" target=\"_self\" rel=\"bookmark noopener noreferrer\">Milanesa de pollo<\/a>\n\t\t\t<\/h4>\n\t\t\t\t\t\t<div class='uagb-post__text uagb-post-grid-byline'>\n\t\t\t\t\t\t\t\t<time datetime=\"2023-07-18T12:42:21+00:00\" class=\"uagb-post__date\">\n\t\t\t\t<span class=\"dashicons-calendar dashicons\"><\/span>\t\t\t\t\tjuli 18, 2023\t\t\t\t<\/time>\n\t\t\t\t\t\t\t<span class=\"uagb-post__comment\">\n\t\t\t\t<span class=\"dashicons-admin-comments dashicons\"><\/span>\t\t\t\t\tIngen kommentarer\t\t\t\t<\/span>\n\t\t\t\t\t\t<\/div>\n\t\t\t\t\t\t\t<div class='uagb-post__text uagb-post__excerpt'>\n\t\t\t\t\t<p>Historien: Milanesa de pollo er en popul\u00e6r ret i Peru, der har sine r\u00f8dder i&#8230;\t\t\t\t<\/div>\n\t\t\t\t\t\t<div class=\"uagb-post__text uagb-post__cta wp-block-button\">\n\t\t\t\t<a class=\"wp-block-button__link uagb-text-link\" href=\"https:\/\/qoxqo.net\/index.php\/2023\/07\/18\/milanesa-de-pollo\/\" target=\"_self\" rel=\"bookmark noopener noreferrer\">Read More<\/a>\n\t\t\t<\/div>\n\t\t\t\t\t\t\t\t\t\t\t\t<\/article>\n\t\t\t\t\t\t\t\t\t\t\t\t\t\t\t\t<article class=\"uagb-post__inner-wrap\">\t\t\t\t\t\t\t\t<div class='uagb-post__image'>\n\t\t\t\t\t\t\t\t\t<a href=\"https:\/\/qoxqo.net\/index.php\/2023\/07\/18\/arroz-chaufa\/\" target=\"_self\" rel=\"bookmark noopener noreferrer\" class='uagb-image-ratio-inherit'><img width=\"768\" height=\"1024\" src=\"https:\/\/qoxqo.net\/wp-content\/uploads\/2023\/07\/arrozconpollojpg-1-768x1024.jpg\" class=\"attachment-large size-large\" alt=\"\" decoding=\"async\" loading=\"lazy\" srcset=\"https:\/\/qoxqo.net\/wp-content\/uploads\/2023\/07\/arrozconpollojpg-1-768x1024.jpg 768w, https:\/\/qoxqo.net\/wp-content\/uploads\/2023\/07\/arrozconpollojpg-1-225x300.jpg 225w, https:\/\/qoxqo.net\/wp-content\/uploads\/2023\/07\/arrozconpollojpg-1-1152x1536.jpg 1152w, https:\/\/qoxqo.net\/wp-content\/uploads\/2023\/07\/arrozconpollojpg-1-45x60.jpg 45w, https:\/\/qoxqo.net\/wp-content\/uploads\/2023\/07\/arrozconpollojpg-1-600x800.jpg 600w, https:\/\/qoxqo.net\/wp-content\/uploads\/2023\/07\/arrozconpollojpg-1.jpg 1200w\" sizes=\"(max-width: 768px) 100vw, 768px\" \/>\t\t\t\t\t<\/a>\n\t\t\t\t\t\t\t<\/div>\n\t\t\t\t\t\t<h4 class=\"uagb-post__title uagb-post__text\">\n\t\t\t\t<a href=\"https:\/\/qoxqo.net\/index.php\/2023\/07\/18\/arroz-chaufa\/\" target=\"_self\" rel=\"bookmark noopener noreferrer\">Arroz chaufa<\/a>\n\t\t\t<\/h4>\n\t\t\t\t\t\t<div class='uagb-post__text uagb-post-grid-byline'>\n\t\t\t\t\t\t\t\t<time datetime=\"2023-07-18T11:43:30+00:00\" class=\"uagb-post__date\">\n\t\t\t\t<span class=\"dashicons-calendar dashicons\"><\/span>\t\t\t\t\tjuli 18, 2023\t\t\t\t<\/time>\n\t\t\t\t\t\t\t<span class=\"uagb-post__comment\">\n\t\t\t\t<span class=\"dashicons-admin-comments dashicons\"><\/span>\t\t\t\t\tIngen kommentarer\t\t\t\t<\/span>\n\t\t\t\t\t\t<\/div>\n\t\t\t\t\t\t\t<div class='uagb-post__text uagb-post__excerpt'>\n\t\t\t\t\t<p>Historien: Arroz Chaufa er en popul\u00e6r peruviansk ret, der kombinerer kinesiske og peruvianske madlavningstraditioner. Retten&#8230;\t\t\t\t<\/div>\n\t\t\t\t\t\t<div class=\"uagb-post__text uagb-post__cta wp-block-button\">\n\t\t\t\t<a class=\"wp-block-button__link uagb-text-link\" href=\"https:\/\/qoxqo.net\/index.php\/2023\/07\/18\/arroz-chaufa\/\" target=\"_self\" rel=\"bookmark noopener noreferrer\">Read More<\/a>\n\t\t\t<\/div>\n\t\t\t\t\t\t\t\t\t\t\t\t<\/article>\n\t\t\t\t\t\t\t\t\t\t\t\t\t\t\t\t<article class=\"uagb-post__inner-wrap\">\t\t\t\t\t\t\t\t<div class='uagb-post__image'>\n\t\t\t\t\t\t\t\t\t<a href=\"https:\/\/qoxqo.net\/index.php\/2023\/07\/18\/arroz-con-pato-pollo\/\" target=\"_self\" rel=\"bookmark noopener noreferrer\" class='uagb-image-ratio-inherit'><img width=\"768\" height=\"1024\" src=\"https:\/\/qoxqo.net\/wp-content\/uploads\/2023\/07\/arrozconpollojpg-1-768x1024.jpg\" class=\"attachment-large size-large\" alt=\"\" decoding=\"async\" loading=\"lazy\" srcset=\"https:\/\/qoxqo.net\/wp-content\/uploads\/2023\/07\/arrozconpollojpg-1-768x1024.jpg 768w, https:\/\/qoxqo.net\/wp-content\/uploads\/2023\/07\/arrozconpollojpg-1-225x300.jpg 225w, https:\/\/qoxqo.net\/wp-content\/uploads\/2023\/07\/arrozconpollojpg-1-1152x1536.jpg 1152w, https:\/\/qoxqo.net\/wp-content\/uploads\/2023\/07\/arrozconpollojpg-1-45x60.jpg 45w, https:\/\/qoxqo.net\/wp-content\/uploads\/2023\/07\/arrozconpollojpg-1-600x800.jpg 600w, https:\/\/qoxqo.net\/wp-content\/uploads\/2023\/07\/arrozconpollojpg-1.jpg 1200w\" sizes=\"(max-width: 768px) 100vw, 768px\" \/>\t\t\t\t\t<\/a>\n\t\t\t\t\t\t\t<\/div>\n\t\t\t\t\t\t<h4 class=\"uagb-post__title uagb-post__text\">\n\t\t\t\t<a href=\"https:\/\/qoxqo.net\/index.php\/2023\/07\/18\/arroz-con-pato-pollo\/\" target=\"_self\" rel=\"bookmark noopener noreferrer\">Arroz con pato (pollo)<\/a>\n\t\t\t<\/h4>\n\t\t\t\t\t\t<div class='uagb-post__text uagb-post-grid-byline'>\n\t\t\t\t\t\t\t\t<time datetime=\"2023-07-18T11:32:23+00:00\" class=\"uagb-post__date\">\n\t\t\t\t<span class=\"dashicons-calendar dashicons\"><\/span>\t\t\t\t\tjuli 18, 2023\t\t\t\t<\/time>\n\t\t\t\t\t\t\t<span class=\"uagb-post__comment\">\n\t\t\t\t<span class=\"dashicons-admin-comments dashicons\"><\/span>\t\t\t\t\tIngen kommentarer\t\t\t\t<\/span>\n\t\t\t\t\t\t<\/div>\n\t\t\t\t\t\t\t<div class='uagb-post__text uagb-post__excerpt'>\n\t\t\t\t\t<p>Historien: Arroz con pato er en traditionel peruansk ret, der best\u00e5r af ris og andek\u00f8d&#8230;.\t\t\t\t<\/div>\n\t\t\t\t\t\t<div class=\"uagb-post__text uagb-post__cta wp-block-button\">\n\t\t\t\t<a class=\"wp-block-button__link uagb-text-link\" href=\"https:\/\/qoxqo.net\/index.php\/2023\/07\/18\/arroz-con-pato-pollo\/\" target=\"_self\" rel=\"bookmark noopener noreferrer\">Read More<\/a>\n\t\t\t<\/div>\n\t\t\t\t\t\t\t\t\t\t\t\t<\/article>\n\t\t\t\t\t\t\t\t\t\t\t\t\t\t\t\t<article class=\"uagb-post__inner-wrap\">\t\t\t\t\t\t\t\t<div class='uagb-post__image'>\n\t\t\t\t\t\t\t\t\t<a href=\"https:\/\/qoxqo.net\/index.php\/2023\/07\/18\/ceviche\/\" target=\"_self\" rel=\"bookmark noopener noreferrer\" class='uagb-image-ratio-inherit'><img width=\"800\" height=\"800\" src=\"https:\/\/qoxqo.net\/wp-content\/uploads\/2023\/07\/ceviche-1024x1024.jpg\" class=\"attachment-large size-large\" alt=\"\" decoding=\"async\" loading=\"lazy\" srcset=\"https:\/\/qoxqo.net\/wp-content\/uploads\/2023\/07\/ceviche-1024x1024.jpg 1024w, https:\/\/qoxqo.net\/wp-content\/uploads\/2023\/07\/ceviche-300x300.jpg 300w, https:\/\/qoxqo.net\/wp-content\/uploads\/2023\/07\/ceviche-150x150.jpg 150w, https:\/\/qoxqo.net\/wp-content\/uploads\/2023\/07\/ceviche-768x768.jpg 768w, https:\/\/qoxqo.net\/wp-content\/uploads\/2023\/07\/ceviche-60x60.jpg 60w, https:\/\/qoxqo.net\/wp-content\/uploads\/2023\/07\/ceviche-600x600.jpg 600w, https:\/\/qoxqo.net\/wp-content\/uploads\/2023\/07\/ceviche-100x100.jpg 100w, https:\/\/qoxqo.net\/wp-content\/uploads\/2023\/07\/ceviche.jpg 1080w\" sizes=\"(max-width: 800px) 100vw, 800px\" \/>\t\t\t\t\t<\/a>\n\t\t\t\t\t\t\t<\/div>\n\t\t\t\t\t\t<h4 class=\"uagb-post__title uagb-post__text\">\n\t\t\t\t<a href=\"https:\/\/qoxqo.net\/index.php\/2023\/07\/18\/ceviche\/\" target=\"_self\" rel=\"bookmark noopener noreferrer\">Ceviche<\/a>\n\t\t\t<\/h4>\n\t\t\t\t\t\t<div class='uagb-post__text uagb-post-grid-byline'>\n\t\t\t\t\t\t\t\t<time datetime=\"2023-07-18T11:18:07+00:00\" class=\"uagb-post__date\">\n\t\t\t\t<span class=\"dashicons-calendar dashicons\"><\/span>\t\t\t\t\tjuli 18, 2023\t\t\t\t<\/time>\n\t\t\t\t\t\t\t<span class=\"uagb-post__comment\">\n\t\t\t\t<span class=\"dashicons-admin-comments dashicons\"><\/span>\t\t\t\t\tIngen kommentarer\t\t\t\t<\/span>\n\t\t\t\t\t\t<\/div>\n\t\t\t\t\t\t\t<div class='uagb-post__text uagb-post__excerpt'>\n\t\t\t\t\t<p>Historien: Historien om peruviansk ceviche g\u00e5r langt tilbage i tiden og er t\u00e6t knyttet til&#8230;\t\t\t\t<\/div>\n\t\t\t\t\t\t<div class=\"uagb-post__text uagb-post__cta wp-block-button\">\n\t\t\t\t<a class=\"wp-block-button__link uagb-text-link\" href=\"https:\/\/qoxqo.net\/index.php\/2023\/07\/18\/ceviche\/\" target=\"_self\" rel=\"bookmark noopener noreferrer\">Read More<\/a>\n\t\t\t<\/div>\n\t\t\t\t\t\t\t\t\t\t\t\t<\/article>\n\t\t\t\t\t\t\t\t\t\t\t<\/div>\n\t\t\t<\/div><\/div>\n","protected":false},"excerpt":{"rendered":"<p>Velkommen til Qoxqo.net! P\u00e5 denne blog kan du udforske en verden af smag og kulinariske oplevelser. Vi tager dig med p\u00e5 en rejse gennem tre forskellige k\u00f8kkener &#8211; det peruvianske, det internationale og det danske k\u00f8kken. Opdag det peruvianske k\u00f8kkens rige traditioner og fortryllende smagskombinationer. Fra den ber\u00f8mte ceviche, der kombinerer frisk fisk med citrusmarinade, &hellip; <\/p>\n","protected":false},"author":1,"featured_media":0,"parent":0,"menu_order":0,"comment_status":"closed","ping_status":"open","template":"","meta":{"om_disable_all_campaigns":false,"_uag_custom_page_level_css":"","_monsterinsights_skip_tracking":false,"_monsterinsights_sitenote_active":false,"_monsterinsights_sitenote_note":"","_monsterinsights_sitenote_category":0},"aioseo_notices":[],"uagb_featured_image_src":{"full":false,"thumbnail":false,"medium":false,"medium_large":false,"large":false,"post-slider-thumb-size":false,"post-category-slider-size":false,"1536x1536":false,"2048x2048":false,"blossom-recipe-schema":false,"blossom-recipe-slider":false,"blossom-recipe-blog":false,"blossom-recipe-blog-one":false,"mailpoet_newsletter_max":false,"woocommerce_thumbnail":false,"woocommerce_single":false,"woocommerce_gallery_thumbnail":false},"uagb_author_info":{"display_name":"juanluis0077@gmail.com","author_link":"https:\/\/qoxqo.net\/index.php\/author\/juanluis0077gmail-com\/"},"uagb_comment_info":0,"uagb_excerpt":"Velkommen til Qoxqo.net! P\u00e5 denne blog kan du udforske en verden af smag og kulinariske oplevelser. Vi tager dig med p\u00e5 en rejse gennem tre forskellige k\u00f8kkener &#8211; det peruvianske, det internationale og det danske k\u00f8kken. Opdag det peruvianske k\u00f8kkens rige traditioner og fortryllende smagskombinationer. Fra den ber\u00f8mte ceviche, der kombinerer frisk fisk med citrusmarinade,&hellip;","_links":{"self":[{"href":"https:\/\/qoxqo.net\/index.php\/wp-json\/wp\/v2\/pages\/2"}],"collection":[{"href":"https:\/\/qoxqo.net\/index.php\/wp-json\/wp\/v2\/pages"}],"about":[{"href":"https:\/\/qoxqo.net\/index.php\/wp-json\/wp\/v2\/types\/page"}],"author":[{"embeddable":true,"href":"https:\/\/qoxqo.net\/index.php\/wp-json\/wp\/v2\/users\/1"}],"replies":[{"embeddable":true,"href":"https:\/\/qoxqo.net\/index.php\/wp-json\/wp\/v2\/comments?post=2"}],"version-history":[{"count":19,"href":"https:\/\/qoxqo.net\/index.php\/wp-json\/wp\/v2\/pages\/2\/revisions"}],"predecessor-version":[{"id":709,"href":"https:\/\/qoxqo.net\/index.php\/wp-json\/wp\/v2\/pages\/2\/revisions\/709"}],"wp:attachment":[{"href":"https:\/\/qoxqo.net\/index.php\/wp-json\/wp\/v2\/media?parent=2"}],"curies":[{"name":"wp","href":"https:\/\/api.w.org\/{rel}","templated":true}]}}