{"id":163,"date":"2023-07-12T17:09:50","date_gmt":"2023-07-12T17:09:50","guid":{"rendered":"https:\/\/qoxqo.net\/?page_id=163"},"modified":"2023-07-16T11:44:31","modified_gmt":"2023-07-16T11:44:31","slug":"om-os","status":"publish","type":"page","link":"https:\/\/qoxqo.net\/index.php\/om-os\/","title":{"rendered":"Om os"},"content":{"rendered":"\n<p>Hej allesammen!<\/p>\n\n\n\n<p>Velkommen til min madblog! Mit navn er Mette, og jeg er passioneret madelsker og amat\u00f8rkok. Jeg har oprettet denne blog for at dele mine kulinariske oplevelser, opskrifter og tips med jer alle.<\/p>\n\n\n\n<figure class=\"wp-block-image size-full is-resized\"><img decoding=\"async\" loading=\"lazy\" src=\"https:\/\/qoxqo.net\/wp-content\/uploads\/2023\/07\/profilbillede-1.jpg\" alt=\"\" class=\"wp-image-182\" width=\"177\" height=\"188\" srcset=\"https:\/\/qoxqo.net\/wp-content\/uploads\/2023\/07\/profilbillede-1.jpg 279w, https:\/\/qoxqo.net\/wp-content\/uploads\/2023\/07\/profilbillede-1-57x60.jpg 57w\" sizes=\"(max-width: 177px) 100vw, 177px\" \/><\/figure>\n\n\n\n<p>Jeg er 41 \u00e5r, udannet folkeskolel\u00e6rer med en k\u00e6mpe passion for b\u00f8rn og b\u00f8rns trivsel. Jeg har videreuddannet mig som coach, mindfulness instrukt\u00f8r og s\u00e5 er jeg iv\u00e6rks\u00e6tter og br\u00e6nder for familielivet, mad og opskrifter fra hele verden og hvordan man forener sin passion, med det at v\u00e6re mor. <\/p>\n\n\n\n<figure class=\"wp-block-image size-full\"><img decoding=\"async\" loading=\"lazy\" width=\"196\" height=\"231\" src=\"https:\/\/qoxqo.net\/wp-content\/uploads\/2023\/07\/peru2-2.jpg\" alt=\"\" class=\"wp-image-183\" srcset=\"https:\/\/qoxqo.net\/wp-content\/uploads\/2023\/07\/peru2-2.jpg 196w, https:\/\/qoxqo.net\/wp-content\/uploads\/2023\/07\/peru2-2-51x60.jpg 51w\" sizes=\"(max-width: 196px) 100vw, 196px\" \/><\/figure>\n\n\n\n<p>Jeg bor med min k\u00e6reste Juan Luis fra Peru og vores 4 b\u00f8rn. Amaru Tupak p\u00e5 snart 13 \u00e5r, Samin p\u00e5 10 \u00e5r, Qori Chaska p\u00e5 7 \u00e5r og Sumaq Illay p\u00e5 3 \u00e5r.<\/p>\n\n\n\n<figure class=\"wp-block-image size-large\"><img decoding=\"async\" loading=\"lazy\" width=\"1024\" height=\"479\" src=\"https:\/\/qoxqo.net\/wp-content\/uploads\/2023\/07\/Mine-unger-1-1024x479.jpg\" alt=\"\" class=\"wp-image-184\" srcset=\"https:\/\/qoxqo.net\/wp-content\/uploads\/2023\/07\/Mine-unger-1-1024x479.jpg 1024w, https:\/\/qoxqo.net\/wp-content\/uploads\/2023\/07\/Mine-unger-1-300x140.jpg 300w, https:\/\/qoxqo.net\/wp-content\/uploads\/2023\/07\/Mine-unger-1-768x359.jpg 768w, https:\/\/qoxqo.net\/wp-content\/uploads\/2023\/07\/Mine-unger-1-128x60.jpg 128w, https:\/\/qoxqo.net\/wp-content\/uploads\/2023\/07\/Mine-unger-1-600x281.jpg 600w, https:\/\/qoxqo.net\/wp-content\/uploads\/2023\/07\/Mine-unger-1.jpg 1069w\" sizes=\"(max-width: 1024px) 100vw, 1024px\" \/><\/figure>\n\n\n\n<p>P\u00e5 min madblog finder I en bred vifte af opskrifter, der sp\u00e6nder fra l\u00e6kre morgenmadsretter og sunde salater til velsmagende hovedretter og fristende desserter. Jeg elsker at eksperimentere i k\u00f8kkenet og blande forskellige kulturer og smagsvarianter for at skabe sp\u00e6ndende og unikke retter.<\/p>\n\n\n\n<p>Min madfilosofi handler om at bruge friske og kvalitetsr\u00e5varer for at skabe smagsoplevelser, der gl\u00e6der b\u00e5de \u00f8jet og ganen. Jeg tror p\u00e5 at lave mad med k\u00e6rlighed og omsorg, og at det kan m\u00e6rkes i resultatet.<\/p>\n\n\n\n<p>P\u00e5 min blog deler jeg ikke kun opskrifter, men ogs\u00e5 praktiske tips og tricks, der kan hj\u00e6lpe jer med at forbedre jeres madlavning. Jeg vil ogs\u00e5 dele mine egne erfaringer, fejltagelser og succeser i k\u00f8kkenet, s\u00e5 vi kan l\u00e6re og vokse sammen som madentusiaster.<\/p>\n\n\n\n<p>Jeg h\u00e5ber, at I vil finde inspiration, gl\u00e6de og nyttige oplysninger p\u00e5 min madblog. Tak fordi I er her, og jeg ser frem til at tage jer med p\u00e5 en sp\u00e6ndende madrejse!<\/p>\n\n\n\n<p>Velbekomme!<\/p>\n\n\n\n<p>Mette<\/p>\n","protected":false},"excerpt":{"rendered":"<p>Hej allesammen! Velkommen til min madblog! Mit navn er Mette, og jeg er passioneret madelsker og amat\u00f8rkok. Jeg har oprettet denne blog for at dele mine kulinariske oplevelser, opskrifter og tips med jer alle. Jeg er 41 \u00e5r, udannet folkeskolel\u00e6rer med en k\u00e6mpe passion for b\u00f8rn og b\u00f8rns trivsel. Jeg har videreuddannet mig som coach, &hellip; <\/p>\n","protected":false},"author":1,"featured_media":0,"parent":0,"menu_order":0,"comment_status":"closed","ping_status":"closed","template":"","meta":{"om_disable_all_campaigns":false,"_uag_custom_page_level_css":"","_monsterinsights_skip_tracking":false,"_monsterinsights_sitenote_active":false,"_monsterinsights_sitenote_note":"","_monsterinsights_sitenote_category":0},"aioseo_notices":[],"uagb_featured_image_src":{"full":false,"thumbnail":false,"medium":false,"medium_large":false,"large":false,"post-slider-thumb-size":false,"post-category-slider-size":false,"1536x1536":false,"2048x2048":false,"blossom-recipe-schema":false,"blossom-recipe-slider":false,"blossom-recipe-blog":false,"blossom-recipe-blog-one":false,"mailpoet_newsletter_max":false,"woocommerce_thumbnail":false,"woocommerce_single":false,"woocommerce_gallery_thumbnail":false},"uagb_author_info":{"display_name":"juanluis0077@gmail.com","author_link":"https:\/\/qoxqo.net\/index.php\/author\/juanluis0077gmail-com\/"},"uagb_comment_info":0,"uagb_excerpt":"Hej allesammen! Velkommen til min madblog! Mit navn er Mette, og jeg er passioneret madelsker og amat\u00f8rkok. Jeg har oprettet denne blog for at dele mine kulinariske oplevelser, opskrifter og tips med jer alle. Jeg er 41 \u00e5r, udannet folkeskolel\u00e6rer med en k\u00e6mpe passion for b\u00f8rn og b\u00f8rns trivsel. Jeg har videreuddannet mig som coach,&hellip;","_links":{"self":[{"href":"https:\/\/qoxqo.net\/index.php\/wp-json\/wp\/v2\/pages\/163"}],"collection":[{"href":"https:\/\/qoxqo.net\/index.php\/wp-json\/wp\/v2\/pages"}],"about":[{"href":"https:\/\/qoxqo.net\/index.php\/wp-json\/wp\/v2\/types\/page"}],"author":[{"embeddable":true,"href":"https:\/\/qoxqo.net\/index.php\/wp-json\/wp\/v2\/users\/1"}],"replies":[{"embeddable":true,"href":"https:\/\/qoxqo.net\/index.php\/wp-json\/wp\/v2\/comments?post=163"}],"version-history":[{"count":5,"href":"https:\/\/qoxqo.net\/index.php\/wp-json\/wp\/v2\/pages\/163\/revisions"}],"predecessor-version":[{"id":318,"href":"https:\/\/qoxqo.net\/index.php\/wp-json\/wp\/v2\/pages\/163\/revisions\/318"}],"wp:attachment":[{"href":"https:\/\/qoxqo.net\/index.php\/wp-json\/wp\/v2\/media?parent=163"}],"curies":[{"name":"wp","href":"https:\/\/api.w.org\/{rel}","templated":true}]}}