{"id":129,"date":"2023-07-12T14:03:11","date_gmt":"2023-07-12T14:03:11","guid":{"rendered":"https:\/\/qoxqo.net\/?page_id=129"},"modified":"2023-07-15T22:16:42","modified_gmt":"2023-07-15T22:16:42","slug":"hjem","status":"publish","type":"page","link":"https:\/\/qoxqo.net\/index.php\/hjem\/","title":{"rendered":"Hjem"},"content":{"rendered":"\n<p>Velkommen til QOXQO.NET &#8211; En verden af madoplevelser!<\/p>\n\n\n\n<p>Oplev en kulinarisk rejse gennem min madblog, hvor jeg deler min lidenskab for madlavning, smagsoplevelser og kulinariske eventyr. Jeg inviterer dig til at udforske en verden af inspirerende opskrifter, tips og tricks til k\u00f8kkenet og historier om vores madrejser rundt omkring i verden, dog med fokus p\u00e5 det peruvianske k\u00f8kken!<\/p>\n\n\n\n<p>Min madblog er dedikeret til at give dig l\u00e6kre og kreative opskrifter, der passer til enhver smag og anledning. Uanset om du er en erfaren kok eller en madentusiast, vil mit indhold inspirere dig til at pr\u00f8ve nye retter, eksperimentere med forskellige ingredienser og udfordre dine madlavningsf\u00e6rdigheder.<\/p>\n\n\n\n<p>Jeg tror p\u00e5 at madlavning handler om mere end bare at tilfredsstille sulten &#8211; det er en kunstform, der bringer mennesker sammen og skaber uforglemmelige \u00f8jeblikke. Derfor deler jeg ogs\u00e5 historier om mine egne madoplevelser, madkultur og sp\u00e6ndende gastronomiske begivenheder, der vil v\u00e6kke din nysgerrighed og lade dig udforske verden gennem madens univers.<\/p>\n\n\n\n<p>Bliv en del af mit madf\u00e6llesskab, hvor du kan l\u00e6re, dele og inspirere andre madelskere. Uanset om du s\u00f8ger den perfekte opskrift til en hyggelig middag derhjemme, \u00f8nsker at mestre nye teknikker eller bare er p\u00e5 jagt efter lidt madinspiration, vil min blog v\u00e6re din p\u00e5lidelige guide.<\/p>\n\n\n\n<p>G\u00e5 p\u00e5 opdagelse, v\u00e6r kreativ og lad dine smagsl\u00f8g udforske nye horisonter. Velkommen til QOXQO.NET &#8211; &#8220;hvor mad bliver til kunst!&#8221;<\/p>\n\n\n\n<p><\/p>\n\n\n\n<figure class=\"wp-block-gallery has-nested-images columns-default is-cropped wp-block-gallery-1 is-layout-flex\">\n<figure class=\"wp-block-image size-large\"><img decoding=\"async\" loading=\"lazy\" width=\"480\" height=\"640\" data-id=\"310\"  src=\"https:\/\/qoxqo.net\/wp-content\/uploads\/2023\/07\/2023-07-13_12h35_43-2.png\" alt=\"\" class=\"wp-image-310\" srcset=\"https:\/\/qoxqo.net\/wp-content\/uploads\/2023\/07\/2023-07-13_12h35_43-2.png 480w, https:\/\/qoxqo.net\/wp-content\/uploads\/2023\/07\/2023-07-13_12h35_43-2-225x300.png 225w, https:\/\/qoxqo.net\/wp-content\/uploads\/2023\/07\/2023-07-13_12h35_43-2-45x60.png 45w\" sizes=\"(max-width: 480px) 100vw, 480px\" \/><\/figure>\n\n\n\n<figure class=\"wp-block-image size-large\"><img decoding=\"async\" loading=\"lazy\" width=\"480\" height=\"640\" data-id=\"311\"  src=\"https:\/\/qoxqo.net\/wp-content\/uploads\/2023\/07\/2023-07-14_10h53_49-1.png\" alt=\"\" class=\"wp-image-311\" srcset=\"https:\/\/qoxqo.net\/wp-content\/uploads\/2023\/07\/2023-07-14_10h53_49-1.png 480w, https:\/\/qoxqo.net\/wp-content\/uploads\/2023\/07\/2023-07-14_10h53_49-1-225x300.png 225w, https:\/\/qoxqo.net\/wp-content\/uploads\/2023\/07\/2023-07-14_10h53_49-1-45x60.png 45w\" sizes=\"(max-width: 480px) 100vw, 480px\" \/><\/figure>\n\n\n\n<figure class=\"wp-block-image size-large\"><img decoding=\"async\" loading=\"lazy\" width=\"480\" height=\"640\" data-id=\"312\"  src=\"https:\/\/qoxqo.net\/wp-content\/uploads\/2023\/07\/138698702_10158014092918597_2648902447580423332_n-1.png\" alt=\"\" class=\"wp-image-312\" srcset=\"https:\/\/qoxqo.net\/wp-content\/uploads\/2023\/07\/138698702_10158014092918597_2648902447580423332_n-1.png 480w, https:\/\/qoxqo.net\/wp-content\/uploads\/2023\/07\/138698702_10158014092918597_2648902447580423332_n-1-225x300.png 225w, https:\/\/qoxqo.net\/wp-content\/uploads\/2023\/07\/138698702_10158014092918597_2648902447580423332_n-1-45x60.png 45w\" sizes=\"(max-width: 480px) 100vw, 480px\" \/><\/figure>\n\n\n\n<figure class=\"wp-block-image size-large\"><img decoding=\"async\" loading=\"lazy\" width=\"480\" height=\"640\" data-id=\"313\"  src=\"https:\/\/qoxqo.net\/wp-content\/uploads\/2023\/07\/249333601_10158597029403597_3418125084899442444_n-1.png\" alt=\"\" class=\"wp-image-313\" srcset=\"https:\/\/qoxqo.net\/wp-content\/uploads\/2023\/07\/249333601_10158597029403597_3418125084899442444_n-1.png 480w, https:\/\/qoxqo.net\/wp-content\/uploads\/2023\/07\/249333601_10158597029403597_3418125084899442444_n-1-225x300.png 225w, https:\/\/qoxqo.net\/wp-content\/uploads\/2023\/07\/249333601_10158597029403597_3418125084899442444_n-1-45x60.png 45w\" sizes=\"(max-width: 480px) 100vw, 480px\" \/><\/figure>\n\n\n\n<figure class=\"wp-block-image size-large\"><img decoding=\"async\" loading=\"lazy\" width=\"480\" height=\"640\" data-id=\"314\"  src=\"https:\/\/qoxqo.net\/wp-content\/uploads\/2023\/07\/estofadoderes-1.png\" alt=\"\" class=\"wp-image-314\" srcset=\"https:\/\/qoxqo.net\/wp-content\/uploads\/2023\/07\/estofadoderes-1.png 480w, https:\/\/qoxqo.net\/wp-content\/uploads\/2023\/07\/estofadoderes-1-225x300.png 225w, https:\/\/qoxqo.net\/wp-content\/uploads\/2023\/07\/estofadoderes-1-45x60.png 45w\" sizes=\"(max-width: 480px) 100vw, 480px\" \/><\/figure>\n\n\n\n<figure class=\"wp-block-image size-large\"><img decoding=\"async\" loading=\"lazy\" width=\"480\" height=\"640\" data-id=\"315\"  src=\"https:\/\/qoxqo.net\/wp-content\/uploads\/2023\/07\/pan-chuta-cusqueno-1.png\" alt=\"\" class=\"wp-image-315\" srcset=\"https:\/\/qoxqo.net\/wp-content\/uploads\/2023\/07\/pan-chuta-cusqueno-1.png 480w, https:\/\/qoxqo.net\/wp-content\/uploads\/2023\/07\/pan-chuta-cusqueno-1-225x300.png 225w, https:\/\/qoxqo.net\/wp-content\/uploads\/2023\/07\/pan-chuta-cusqueno-1-45x60.png 45w\" sizes=\"(max-width: 480px) 100vw, 480px\" \/><\/figure>\n<\/figure>\n\n\n\n<div class=\"wp-block-columns is-layout-flex wp-container-4\">\n<div class=\"wp-block-column is-layout-flow\" style=\"flex-basis:100%\"><\/div>\n<\/div>\n\n\n\n<p><\/p>\n","protected":false},"excerpt":{"rendered":"<p>Velkommen til QOXQO.NET &#8211; En verden af madoplevelser! Oplev en kulinarisk rejse gennem min madblog, hvor jeg deler min lidenskab for madlavning, smagsoplevelser og kulinariske eventyr. Jeg inviterer dig til at udforske en verden af inspirerende opskrifter, tips og tricks til k\u00f8kkenet og historier om vores madrejser rundt omkring i verden, dog med fokus p\u00e5 &hellip; <\/p>\n","protected":false},"author":1,"featured_media":0,"parent":0,"menu_order":0,"comment_status":"closed","ping_status":"closed","template":"","meta":{"om_disable_all_campaigns":false,"_uag_custom_page_level_css":"","_monsterinsights_skip_tracking":false,"_monsterinsights_sitenote_active":false,"_monsterinsights_sitenote_note":"","_monsterinsights_sitenote_category":0},"aioseo_notices":[],"uagb_featured_image_src":{"full":false,"thumbnail":false,"medium":false,"medium_large":false,"large":false,"post-slider-thumb-size":false,"post-category-slider-size":false,"1536x1536":false,"2048x2048":false,"blossom-recipe-schema":false,"blossom-recipe-slider":false,"blossom-recipe-blog":false,"blossom-recipe-blog-one":false,"mailpoet_newsletter_max":false,"woocommerce_thumbnail":false,"woocommerce_single":false,"woocommerce_gallery_thumbnail":false},"uagb_author_info":{"display_name":"juanluis0077@gmail.com","author_link":"https:\/\/qoxqo.net\/index.php\/author\/juanluis0077gmail-com\/"},"uagb_comment_info":0,"uagb_excerpt":"Velkommen til QOXQO.NET &#8211; En verden af madoplevelser! Oplev en kulinarisk rejse gennem min madblog, hvor jeg deler min lidenskab for madlavning, smagsoplevelser og kulinariske eventyr. Jeg inviterer dig til at udforske en verden af inspirerende opskrifter, tips og tricks til k\u00f8kkenet og historier om vores madrejser rundt omkring i verden, dog med fokus p\u00e5&hellip;","_links":{"self":[{"href":"https:\/\/qoxqo.net\/index.php\/wp-json\/wp\/v2\/pages\/129"}],"collection":[{"href":"https:\/\/qoxqo.net\/index.php\/wp-json\/wp\/v2\/pages"}],"about":[{"href":"https:\/\/qoxqo.net\/index.php\/wp-json\/wp\/v2\/types\/page"}],"author":[{"embeddable":true,"href":"https:\/\/qoxqo.net\/index.php\/wp-json\/wp\/v2\/users\/1"}],"replies":[{"embeddable":true,"href":"https:\/\/qoxqo.net\/index.php\/wp-json\/wp\/v2\/comments?post=129"}],"version-history":[{"count":5,"href":"https:\/\/qoxqo.net\/index.php\/wp-json\/wp\/v2\/pages\/129\/revisions"}],"predecessor-version":[{"id":316,"href":"https:\/\/qoxqo.net\/index.php\/wp-json\/wp\/v2\/pages\/129\/revisions\/316"}],"wp:attachment":[{"href":"https:\/\/qoxqo.net\/index.php\/wp-json\/wp\/v2\/media?parent=129"}],"curies":[{"name":"wp","href":"https:\/\/api.w.org\/{rel}","templated":true}]}}